{"id":105,"date":"2020-06-29T23:38:07","date_gmt":"2020-06-29T23:38:07","guid":{"rendered":"https:\/\/demosites.io\/pet-shop-gb\/?page_id=105"},"modified":"2025-12-21T18:05:18","modified_gmt":"2025-12-21T17:05:18","slug":"d09c8-home","status":"publish","type":"page","link":"https:\/\/obsidianchronicles.com\/","title":{"rendered":"Obsidian Chronicles"},"content":{"rendered":"<div id=\"wp-block-themeisle-blocks-advanced-columns-cbb7d63f\" class=\"wp-block-themeisle-blocks-advanced-columns alignfull has-1-columns has-desktop-equal-layout has-tablet-equal-layout has-mobile-equal-layout has-vertical-center\"><div class=\"wp-block-themeisle-blocks-advanced-columns-overlay\"><\/div><div class=\"innerblocks-wrap\"><div id=\"wp-block-themeisle-blocks-advanced-column-9099e04a\" class=\"wp-block-themeisle-blocks-advanced-column\"><figure class=\"wp-block-image aligncenter size-full is-resized\"><img fetchpriority=\"high\" decoding=\"async\" width=\"2500\" height=\"2500\" src=\"https:\/\/obsidianchronicles.com\/wp-content\/uploads\/2025\/02\/300-dpi-png-2.png\" alt=\"\" class=\"wp-image-714\" style=\"aspect-ratio:1.7777777777777777;object-fit:cover;width:384px;height:auto\" srcset=\"https:\/\/obsidianchronicles.com\/wp-content\/uploads\/2025\/02\/300-dpi-png-2.png 2500w, https:\/\/obsidianchronicles.com\/wp-content\/uploads\/2025\/02\/300-dpi-png-2-348x348.png 348w, https:\/\/obsidianchronicles.com\/wp-content\/uploads\/2025\/02\/300-dpi-png-2-100x100.png 100w, https:\/\/obsidianchronicles.com\/wp-content\/uploads\/2025\/02\/300-dpi-png-2-454x454.png 454w, https:\/\/obsidianchronicles.com\/wp-content\/uploads\/2025\/02\/300-dpi-png-2-300x300.png 300w, https:\/\/obsidianchronicles.com\/wp-content\/uploads\/2025\/02\/300-dpi-png-2-1024x1024.png 1024w, https:\/\/obsidianchronicles.com\/wp-content\/uploads\/2025\/02\/300-dpi-png-2-150x150.png 150w, https:\/\/obsidianchronicles.com\/wp-content\/uploads\/2025\/02\/300-dpi-png-2-768x768.png 768w, https:\/\/obsidianchronicles.com\/wp-content\/uploads\/2025\/02\/300-dpi-png-2-1536x1536.png 1536w, https:\/\/obsidianchronicles.com\/wp-content\/uploads\/2025\/02\/300-dpi-png-2-2048x2048.png 2048w\" sizes=\"(max-width: 2500px) 100vw, 2500px\" \/><\/figure>\n\n<h2 class=\"wp-block-heading has-text-align-center has-ast-global-color-4-color has-text-color has-link-color wp-elements-60dbe7dd92b8ff14e8f02f7befab8e47\"><strong>Morneterre n\u2019est pas un monde<br>que l\u2019on traverse \u00e0 la l\u00e9g\u00e8re<\/strong><\/h2>\n\n<p><\/p><\/div><\/div><\/div><div class=\"wp-block-group ticss-99309f6d is-layout-constrained wp-block-group-is-layout-constrained\"><div class=\"wp-block-columns is-layout-flex wp-container-core-columns-is-layout-28f84493 wp-block-columns-is-layout-flex\"><div class=\"wp-block-column is-layout-flow wp-block-column-is-layout-flow\"><figure class=\"wp-block-image size-large has-custom-border animated pulse slower o-anim-hover\"><a href=\"https:\/\/obsidianchronicles.com\/?page_id=457\"><img decoding=\"async\" width=\"740\" height=\"1024\" src=\"https:\/\/obsidianchronicles.com\/wp-content\/uploads\/2025\/02\/mini-accueil-vault-740x1024.png\" alt=\"\" class=\"wp-image-653\" style=\"border-style:none;border-width:0px;border-radius:10px\" srcset=\"https:\/\/obsidianchronicles.com\/wp-content\/uploads\/2025\/02\/mini-accueil-vault-740x1024.png 740w, https:\/\/obsidianchronicles.com\/wp-content\/uploads\/2025\/02\/mini-accueil-vault-348x482.png 348w, https:\/\/obsidianchronicles.com\/wp-content\/uploads\/2025\/02\/mini-accueil-vault-454x629.png 454w, https:\/\/obsidianchronicles.com\/wp-content\/uploads\/2025\/02\/mini-accueil-vault-217x300.png 217w, https:\/\/obsidianchronicles.com\/wp-content\/uploads\/2025\/02\/mini-accueil-vault-768x1063.png 768w, https:\/\/obsidianchronicles.com\/wp-content\/uploads\/2025\/02\/mini-accueil-vault-1109x1536.png 1109w, https:\/\/obsidianchronicles.com\/wp-content\/uploads\/2025\/02\/mini-accueil-vault-1479x2048.png 1479w\" sizes=\"(max-width: 740px) 100vw, 740px\" \/><\/a><\/figure><\/div>\n\n<div class=\"wp-block-column is-layout-flow wp-block-column-is-layout-flow\"><figure class=\"wp-block-image size-full has-custom-border animated pulse slower o-anim-hover\"><a href=\"https:\/\/obsidianchronicles.com\/?page_id=435\"><img decoding=\"async\" width=\"1664\" height=\"2304\" src=\"http:\/\/obsidianchronicles.com\/wp-content\/uploads\/2025\/12\/miniature-accueil-forsworn.png\" alt=\"\" class=\"wp-image-1028\" style=\"border-radius:10px\" srcset=\"https:\/\/obsidianchronicles.com\/wp-content\/uploads\/2025\/12\/miniature-accueil-forsworn.png 1664w, https:\/\/obsidianchronicles.com\/wp-content\/uploads\/2025\/12\/miniature-accueil-forsworn-217x300.png 217w, https:\/\/obsidianchronicles.com\/wp-content\/uploads\/2025\/12\/miniature-accueil-forsworn-740x1024.png 740w, https:\/\/obsidianchronicles.com\/wp-content\/uploads\/2025\/12\/miniature-accueil-forsworn-768x1063.png 768w, https:\/\/obsidianchronicles.com\/wp-content\/uploads\/2025\/12\/miniature-accueil-forsworn-1109x1536.png 1109w, https:\/\/obsidianchronicles.com\/wp-content\/uploads\/2025\/12\/miniature-accueil-forsworn-1479x2048.png 1479w, https:\/\/obsidianchronicles.com\/wp-content\/uploads\/2025\/12\/miniature-accueil-forsworn-348x482.png 348w, https:\/\/obsidianchronicles.com\/wp-content\/uploads\/2025\/12\/miniature-accueil-forsworn-454x629.png 454w\" sizes=\"(max-width: 1664px) 100vw, 1664px\" \/><\/a><\/figure><\/div>\n\n<div class=\"wp-block-column is-layout-flow wp-block-column-is-layout-flow\"><figure class=\"wp-block-image size-large has-custom-border animated pulse slower o-anim-hover\"><a href=\"https:\/\/obsidianchronicles.com\/?product_cat=accessoires-aides-de-jeu\"><img loading=\"lazy\" decoding=\"async\" width=\"740\" height=\"1024\" src=\"http:\/\/obsidianchronicles.com\/wp-content\/uploads\/2025\/12\/miniature-accueil-accessoires-740x1024.png\" alt=\"\" class=\"wp-image-1033\" style=\"border-radius:10px\" srcset=\"https:\/\/obsidianchronicles.com\/wp-content\/uploads\/2025\/12\/miniature-accueil-accessoires-740x1024.png 740w, https:\/\/obsidianchronicles.com\/wp-content\/uploads\/2025\/12\/miniature-accueil-accessoires-217x300.png 217w, https:\/\/obsidianchronicles.com\/wp-content\/uploads\/2025\/12\/miniature-accueil-accessoires-768x1063.png 768w, https:\/\/obsidianchronicles.com\/wp-content\/uploads\/2025\/12\/miniature-accueil-accessoires-1109x1536.png 1109w, https:\/\/obsidianchronicles.com\/wp-content\/uploads\/2025\/12\/miniature-accueil-accessoires-1479x2048.png 1479w, https:\/\/obsidianchronicles.com\/wp-content\/uploads\/2025\/12\/miniature-accueil-accessoires-348x482.png 348w, https:\/\/obsidianchronicles.com\/wp-content\/uploads\/2025\/12\/miniature-accueil-accessoires-454x629.png 454w, https:\/\/obsidianchronicles.com\/wp-content\/uploads\/2025\/12\/miniature-accueil-accessoires.png 1664w\" sizes=\"(max-width: 740px) 100vw, 740px\" \/><\/a><\/figure><\/div><\/div><\/div><div class=\"wp-block-columns is-layout-flex wp-container-core-columns-is-layout-28f84493 wp-block-columns-is-layout-flex\"><div class=\"wp-block-column is-layout-flow wp-block-column-is-layout-flow\" style=\"flex-basis:100%\"><h2 class=\"section-title--ornate\">\n  Retours de joueurs apr\u00e8s leurs premi\u00e8res parties\n<\/h2>\n\n<div class=\"wp-block-group alignfull is-content-justification-center is-layout-constrained wp-container-core-group-is-layout-19edb02e wp-block-group-is-layout-constrained\" style=\"margin-top:0;margin-bottom:0;padding-top:calc( 0.5 * var(--wp--style--root--padding-right, var(--wp--custom--gap--horizontal)));padding-right:var(--wp--style--root--padding-right, var(--wp--custom--gap--horizontal));padding-bottom:calc( 0.5 * var(--wp--style--root--padding-right, var(--wp--custom--gap--horizontal)));padding-left:var(--wp--style--root--padding-left, var(--wp--custom--gap--horizontal))\"><div style=\"height:0px\" aria-hidden=\"true\" class=\"wp-block-spacer\"><\/div>\n\n<div style=\"height:0px\" aria-hidden=\"true\" class=\"wp-block-spacer\"><\/div>\n\n<div style=\"height:calc( 0.25 * var(--wp--style--root--padding-right, var(--wp--custom--gap--horizontal)))\" aria-hidden=\"true\" class=\"wp-block-spacer\"><\/div>\n\n<div id=\"wp-block-themeisle-blocks-advanced-columns-e8d337bb\" class=\"wp-block-themeisle-blocks-advanced-columns has-3-columns has-desktop-equal-layout has-tablet-equal-layout has-mobile-collapsedRows-layout has-vertical-unset\"><div class=\"wp-block-themeisle-blocks-advanced-columns-overlay\"><\/div><div class=\"innerblocks-wrap\"><div id=\"wp-block-themeisle-blocks-advanced-column-9d0c5ef8\" class=\"wp-block-themeisle-blocks-advanced-column\"><p class=\"has-text-align-center\"><strong>Francis H.<\/strong><\/p>\n\n<div style=\"height:0\" aria-hidden=\"true\" class=\"wp-block-spacer\"><\/div>\n\n<p class=\"has-text-align-center is-testimonial-review\">\u00a0\u00bb J&rsquo;ai achet\u00e9, et je ne suis pas d\u00e9\u00e7u. \u00ab\u00a0<\/p>\n\n<p class=\"has-text-align-center is-testimonial-review\">Retour d\u2019un joueur \u2014 Facebook<\/p><\/div>\n\n<div id=\"wp-block-themeisle-blocks-advanced-column-03abb80b\" class=\"wp-block-themeisle-blocks-advanced-column\"><p class=\"has-text-align-center\"><strong>Vassily B.<\/strong><\/p>\n\n<div class=\"wp-block-group is-content-justification-center is-layout-constrained wp-container-core-group-is-layout-bcb729ef wp-block-group-is-layout-constrained\"><div style=\"height:0\" aria-hidden=\"true\" class=\"wp-block-spacer\"><\/div>\n\n<p class=\"has-text-align-center is-testimonial-review\">\u201cTop, tr\u00e8s simple \u00e0 comprendre, j&rsquo;adore. Premi\u00e8re partie pour initier ma femme qui n&rsquo;a jamais fait de JDR, juste top.\u201d<\/p>\n\n<p class=\"has-text-align-center\">Avis DriveThruRPG<\/p><\/div><\/div>\n\n<div id=\"wp-block-themeisle-blocks-advanced-column-be245f3d\" class=\"wp-block-themeisle-blocks-advanced-column\"><p class=\"has-text-align-center\"><strong>Ambre<\/strong><\/p>\n\n<div class=\"wp-block-group is-content-justification-center is-layout-constrained wp-container-core-group-is-layout-bcb729ef wp-block-group-is-layout-constrained\"><div style=\"height:0\" aria-hidden=\"true\" class=\"wp-block-spacer\"><\/div>\n\n<p class=\"has-text-align-center is-testimonial-review\">\u201cLe jeu est fluide et assez similaire, en terme de comportement, \u00e0 des jeux coop, la promesse est bien tenue.\u201d<\/p>\n\n<p class=\"has-text-align-center\">Avis DriveThruRPG<\/p><\/div><\/div><\/div><\/div><\/div><\/div><\/div><div id=\"wp-block-themeisle-blocks-advanced-columns-07f9e39b\" class=\"wp-block-themeisle-blocks-advanced-columns alignfull has-1-columns has-desktop-equal-layout has-tablet-equal-layout has-mobile-collapsedRows-layout has-vertical-center ticss-c00aadba\"><div class=\"wp-block-themeisle-blocks-advanced-columns-overlay\"><\/div><div class=\"innerblocks-wrap\"><div id=\"wp-block-themeisle-blocks-advanced-column-9bce96d7\" class=\"wp-block-themeisle-blocks-advanced-column\"><figure class=\"wp-block-image aligncenter size-full is-resized is-style-rounded\"><img loading=\"lazy\" decoding=\"async\" width=\"2500\" height=\"2500\" src=\"https:\/\/obsidianchronicles.com\/wp-content\/uploads\/2025\/02\/300-dpi-jpg.jpg\" alt=\"\" class=\"wp-image-647\" style=\"width:180px;height:181px\" srcset=\"https:\/\/obsidianchronicles.com\/wp-content\/uploads\/2025\/02\/300-dpi-jpg.jpg 2500w, https:\/\/obsidianchronicles.com\/wp-content\/uploads\/2025\/02\/300-dpi-jpg-348x348.jpg 348w, https:\/\/obsidianchronicles.com\/wp-content\/uploads\/2025\/02\/300-dpi-jpg-100x100.jpg 100w, https:\/\/obsidianchronicles.com\/wp-content\/uploads\/2025\/02\/300-dpi-jpg-454x454.jpg 454w, https:\/\/obsidianchronicles.com\/wp-content\/uploads\/2025\/02\/300-dpi-jpg-300x300.jpg 300w, https:\/\/obsidianchronicles.com\/wp-content\/uploads\/2025\/02\/300-dpi-jpg-1024x1024.jpg 1024w, https:\/\/obsidianchronicles.com\/wp-content\/uploads\/2025\/02\/300-dpi-jpg-150x150.jpg 150w, https:\/\/obsidianchronicles.com\/wp-content\/uploads\/2025\/02\/300-dpi-jpg-768x768.jpg 768w, https:\/\/obsidianchronicles.com\/wp-content\/uploads\/2025\/02\/300-dpi-jpg-1536x1536.jpg 1536w, https:\/\/obsidianchronicles.com\/wp-content\/uploads\/2025\/02\/300-dpi-jpg-2048x2048.jpg 2048w\" sizes=\"(max-width: 2500px) 100vw, 2500px\" \/><\/figure>\n\n<p><\/p>\n\n<p class=\"has-text-align-center\">Vos figurines ne m\u00e9ritent pas la poussi\u00e8re.<\/p>\n\n<p class=\"has-text-align-center\"><strong>Obsidian Chronicles<\/strong> cr\u00e9e des jeux pour celles qui dorment dans vos bo\u00eetes et sur vos \u00e9tag\u00e8res. Des moteurs de r\u00e8gles alternatifs pour redonner vie \u00e0 vos arm\u00e9es oubli\u00e9es, sans vous forcer \u00e0 acheter encore et encore.<\/p>\n\n<p class=\"has-text-align-center\">Que vous soyez r\u00f4liste solitaire en qu\u00eate d\u2019une aventure immersive ou commandant pr\u00eat \u00e0 plonger dans l\u2019escarmouche, nos jeux s\u2019adaptent \u00e0 vos envies et \u00e0 votre collection. Pas de gamme ferm\u00e9e, pas de figurine impos\u00e9e. Juste des m\u00e9caniques malines, ouvertes, et surtout uniques.<\/p>\n\n<p class=\"has-text-align-center\"><strong>Ici, ce ne sont pas les figurines qui dictent les r\u00e8gles. C\u2019est vous.<\/strong><\/p><\/div><\/div><\/div>","protected":false},"excerpt":{"rendered":"<p>Retours de joueurs apr\u00e8s leurs premi\u00e8res parties<\/p>\n","protected":false},"author":1,"featured_media":0,"parent":0,"menu_order":0,"comment_status":"closed","ping_status":"closed","template":"","meta":{"site-sidebar-layout":"default","site-content-layout":"","ast-site-content-layout":"","site-content-style":"default","site-sidebar-style":"default","ast-global-header-display":"","ast-banner-title-visibility":"","ast-main-header-display":"","ast-hfb-above-header-display":"","ast-hfb-below-header-display":"","ast-hfb-mobile-header-display":"","site-post-title":"disabled","ast-breadcrumbs-content":"","ast-featured-img":"","footer-sml-layout":"","theme-transparent-header-meta":"","adv-header-id-meta":"","stick-header-meta":"","header-above-stick-meta":"","header-main-stick-meta":"","header-below-stick-meta":"","astra-migrate-meta-layouts":"default","ast-page-background-enabled":"default","ast-page-background-meta":{"desktop":{"background-color":"var(--ast-global-color-5)","background-image":"","background-repeat":"repeat","background-position":"center center","background-size":"auto","background-attachment":"scroll","background-type":"","background-media":"","overlay-type":"","overlay-color":"","overlay-opacity":"","overlay-gradient":""},"tablet":{"background-color":"","background-image":"","background-repeat":"repeat","background-position":"center center","background-size":"auto","background-attachment":"scroll","background-type":"","background-media":"","overlay-type":"","overlay-color":"","overlay-opacity":"","overlay-gradient":""},"mobile":{"background-color":"","background-image":"","background-repeat":"repeat","background-position":"center center","background-size":"auto","background-attachment":"scroll","background-type":"","background-media":"","overlay-type":"","overlay-color":"","overlay-opacity":"","overlay-gradient":""}},"ast-content-background-meta":{"desktop":{"background-color":"var(--ast-global-color-4)","background-image":"","background-repeat":"repeat","background-position":"center center","background-size":"auto","background-attachment":"scroll","background-type":"","background-media":"","overlay-type":"","overlay-color":"","overlay-opacity":"","overlay-gradient":""},"tablet":{"background-color":"var(--ast-global-color-4)","background-image":"","background-repeat":"repeat","background-position":"center center","background-size":"auto","background-attachment":"scroll","background-type":"","background-media":"","overlay-type":"","overlay-color":"","overlay-opacity":"","overlay-gradient":""},"mobile":{"background-color":"var(--ast-global-color-4)","background-image":"","background-repeat":"repeat","background-position":"center center","background-size":"auto","background-attachment":"scroll","background-type":"","background-media":"","overlay-type":"","overlay-color":"","overlay-opacity":"","overlay-gradient":""}},"_themeisle_gutenberg_block_has_review":false,"footnotes":""},"class_list":["post-105","page","type-page","status-publish","hentry"],"yoast_head":"<!-- This site is optimized with the Yoast SEO plugin v24.3 - https:\/\/yoast.com\/wordpress\/plugins\/seo\/ -->\n<title>Obsidian Chronicles - Obsidian Chronicles<\/title>\n<meta name=\"robots\" content=\"index, follow, max-snippet:-1, max-image-preview:large, max-video-preview:-1\" \/>\n<link rel=\"canonical\" href=\"https:\/\/obsidianchronicles.com\/\" \/>\n<meta property=\"og:locale\" content=\"fr_FR\" \/>\n<meta property=\"og:type\" content=\"article\" \/>\n<meta property=\"og:title\" content=\"Obsidian Chronicles - Obsidian Chronicles\" \/>\n<meta property=\"og:description\" content=\"Retours de joueurs apr\u00e8s leurs premi\u00e8res parties\" \/>\n<meta property=\"og:url\" content=\"https:\/\/obsidianchronicles.com\/\" \/>\n<meta property=\"og:site_name\" content=\"Obsidian Chronicles\" \/>\n<meta property=\"article:modified_time\" content=\"2025-12-21T17:05:18+00:00\" \/>\n<meta property=\"og:image\" content=\"https:\/\/obsidianchronicles.com\/wp-content\/uploads\/2025\/02\/300-dpi-png-2.png\" \/>\n\t<meta property=\"og:image:width\" content=\"2500\" \/>\n\t<meta property=\"og:image:height\" content=\"2500\" \/>\n\t<meta property=\"og:image:type\" content=\"image\/png\" \/>\n<meta name=\"twitter:card\" content=\"summary_large_image\" \/>\n<meta name=\"twitter:label1\" content=\"Dur\u00e9e de lecture estim\u00e9e\" \/>\n\t<meta name=\"twitter:data1\" content=\"2 minutes\" \/>\n<script type=\"application\/ld+json\" class=\"yoast-schema-graph\">{\"@context\":\"https:\/\/schema.org\",\"@graph\":[{\"@type\":\"WebPage\",\"@id\":\"https:\/\/obsidianchronicles.com\/\",\"url\":\"https:\/\/obsidianchronicles.com\/\",\"name\":\"Obsidian Chronicles - Obsidian Chronicles\",\"isPartOf\":{\"@id\":\"https:\/\/obsidianchronicles.com\/#website\"},\"primaryImageOfPage\":{\"@id\":\"https:\/\/obsidianchronicles.com\/#primaryimage\"},\"image\":{\"@id\":\"https:\/\/obsidianchronicles.com\/#primaryimage\"},\"thumbnailUrl\":\"https:\/\/obsidianchronicles.com\/wp-content\/uploads\/2025\/02\/300-dpi-png-2.png\",\"datePublished\":\"2020-06-29T23:38:07+00:00\",\"dateModified\":\"2025-12-21T17:05:18+00:00\",\"breadcrumb\":{\"@id\":\"https:\/\/obsidianchronicles.com\/#breadcrumb\"},\"inLanguage\":\"fr-FR\",\"potentialAction\":[{\"@type\":\"ReadAction\",\"target\":[\"https:\/\/obsidianchronicles.com\/\"]}]},{\"@type\":\"ImageObject\",\"inLanguage\":\"fr-FR\",\"@id\":\"https:\/\/obsidianchronicles.com\/#primaryimage\",\"url\":\"https:\/\/obsidianchronicles.com\/wp-content\/uploads\/2025\/02\/300-dpi-png-2.png\",\"contentUrl\":\"https:\/\/obsidianchronicles.com\/wp-content\/uploads\/2025\/02\/300-dpi-png-2.png\",\"width\":2500,\"height\":2500},{\"@type\":\"BreadcrumbList\",\"@id\":\"https:\/\/obsidianchronicles.com\/#breadcrumb\",\"itemListElement\":[{\"@type\":\"ListItem\",\"position\":1,\"name\":\"Accueil\",\"item\":\"https:\/\/obsidianchronicles.com\/\"},{\"@type\":\"ListItem\",\"position\":2,\"name\":\"Obsidian Chronicles\"}]},{\"@type\":\"WebSite\",\"@id\":\"https:\/\/obsidianchronicles.com\/#website\",\"url\":\"https:\/\/obsidianchronicles.com\/\",\"name\":\"Obsidian Chronicles\",\"description\":\"\",\"publisher\":{\"@id\":\"https:\/\/obsidianchronicles.com\/#organization\"},\"potentialAction\":[{\"@type\":\"SearchAction\",\"target\":{\"@type\":\"EntryPoint\",\"urlTemplate\":\"https:\/\/obsidianchronicles.com\/?s={search_term_string}\"},\"query-input\":{\"@type\":\"PropertyValueSpecification\",\"valueRequired\":true,\"valueName\":\"search_term_string\"}}],\"inLanguage\":\"fr-FR\"},{\"@type\":\"Organization\",\"@id\":\"https:\/\/obsidianchronicles.com\/#organization\",\"name\":\"Obsidian Chronicles\",\"url\":\"https:\/\/obsidianchronicles.com\/\",\"logo\":{\"@type\":\"ImageObject\",\"inLanguage\":\"fr-FR\",\"@id\":\"https:\/\/obsidianchronicles.com\/#\/schema\/logo\/image\/\",\"url\":\"https:\/\/obsidianchronicles.com\/wp-content\/uploads\/2025\/02\/300-dpi-png.png\",\"contentUrl\":\"https:\/\/obsidianchronicles.com\/wp-content\/uploads\/2025\/02\/300-dpi-png.png\",\"width\":2500,\"height\":2500,\"caption\":\"Obsidian Chronicles\"},\"image\":{\"@id\":\"https:\/\/obsidianchronicles.com\/#\/schema\/logo\/image\/\"}}]}<\/script>\n<!-- \/ Yoast SEO plugin. -->","yoast_head_json":{"title":"Obsidian Chronicles - Obsidian Chronicles","robots":{"index":"index","follow":"follow","max-snippet":"max-snippet:-1","max-image-preview":"max-image-preview:large","max-video-preview":"max-video-preview:-1"},"canonical":"https:\/\/obsidianchronicles.com\/","og_locale":"fr_FR","og_type":"article","og_title":"Obsidian Chronicles - Obsidian Chronicles","og_description":"Retours de joueurs apr\u00e8s leurs premi\u00e8res parties","og_url":"https:\/\/obsidianchronicles.com\/","og_site_name":"Obsidian Chronicles","article_modified_time":"2025-12-21T17:05:18+00:00","og_image":[{"width":2500,"height":2500,"url":"https:\/\/obsidianchronicles.com\/wp-content\/uploads\/2025\/02\/300-dpi-png-2.png","type":"image\/png"}],"twitter_card":"summary_large_image","twitter_misc":{"Dur\u00e9e de lecture estim\u00e9e":"2 minutes"},"schema":{"@context":"https:\/\/schema.org","@graph":[{"@type":"WebPage","@id":"https:\/\/obsidianchronicles.com\/","url":"https:\/\/obsidianchronicles.com\/","name":"Obsidian Chronicles - Obsidian Chronicles","isPartOf":{"@id":"https:\/\/obsidianchronicles.com\/#website"},"primaryImageOfPage":{"@id":"https:\/\/obsidianchronicles.com\/#primaryimage"},"image":{"@id":"https:\/\/obsidianchronicles.com\/#primaryimage"},"thumbnailUrl":"https:\/\/obsidianchronicles.com\/wp-content\/uploads\/2025\/02\/300-dpi-png-2.png","datePublished":"2020-06-29T23:38:07+00:00","dateModified":"2025-12-21T17:05:18+00:00","breadcrumb":{"@id":"https:\/\/obsidianchronicles.com\/#breadcrumb"},"inLanguage":"fr-FR","potentialAction":[{"@type":"ReadAction","target":["https:\/\/obsidianchronicles.com\/"]}]},{"@type":"ImageObject","inLanguage":"fr-FR","@id":"https:\/\/obsidianchronicles.com\/#primaryimage","url":"https:\/\/obsidianchronicles.com\/wp-content\/uploads\/2025\/02\/300-dpi-png-2.png","contentUrl":"https:\/\/obsidianchronicles.com\/wp-content\/uploads\/2025\/02\/300-dpi-png-2.png","width":2500,"height":2500},{"@type":"BreadcrumbList","@id":"https:\/\/obsidianchronicles.com\/#breadcrumb","itemListElement":[{"@type":"ListItem","position":1,"name":"Accueil","item":"https:\/\/obsidianchronicles.com\/"},{"@type":"ListItem","position":2,"name":"Obsidian Chronicles"}]},{"@type":"WebSite","@id":"https:\/\/obsidianchronicles.com\/#website","url":"https:\/\/obsidianchronicles.com\/","name":"Obsidian Chronicles","description":"","publisher":{"@id":"https:\/\/obsidianchronicles.com\/#organization"},"potentialAction":[{"@type":"SearchAction","target":{"@type":"EntryPoint","urlTemplate":"https:\/\/obsidianchronicles.com\/?s={search_term_string}"},"query-input":{"@type":"PropertyValueSpecification","valueRequired":true,"valueName":"search_term_string"}}],"inLanguage":"fr-FR"},{"@type":"Organization","@id":"https:\/\/obsidianchronicles.com\/#organization","name":"Obsidian Chronicles","url":"https:\/\/obsidianchronicles.com\/","logo":{"@type":"ImageObject","inLanguage":"fr-FR","@id":"https:\/\/obsidianchronicles.com\/#\/schema\/logo\/image\/","url":"https:\/\/obsidianchronicles.com\/wp-content\/uploads\/2025\/02\/300-dpi-png.png","contentUrl":"https:\/\/obsidianchronicles.com\/wp-content\/uploads\/2025\/02\/300-dpi-png.png","width":2500,"height":2500,"caption":"Obsidian Chronicles"},"image":{"@id":"https:\/\/obsidianchronicles.com\/#\/schema\/logo\/image\/"}}]}},"jetpack_sharing_enabled":true,"_links":{"self":[{"href":"https:\/\/obsidianchronicles.com\/index.php?rest_route=\/wp\/v2\/pages\/105","targetHints":{"allow":["GET"]}}],"collection":[{"href":"https:\/\/obsidianchronicles.com\/index.php?rest_route=\/wp\/v2\/pages"}],"about":[{"href":"https:\/\/obsidianchronicles.com\/index.php?rest_route=\/wp\/v2\/types\/page"}],"author":[{"embeddable":true,"href":"https:\/\/obsidianchronicles.com\/index.php?rest_route=\/wp\/v2\/users\/1"}],"replies":[{"embeddable":true,"href":"https:\/\/obsidianchronicles.com\/index.php?rest_route=%2Fwp%2Fv2%2Fcomments&post=105"}],"version-history":[{"count":83,"href":"https:\/\/obsidianchronicles.com\/index.php?rest_route=\/wp\/v2\/pages\/105\/revisions"}],"predecessor-version":[{"id":1101,"href":"https:\/\/obsidianchronicles.com\/index.php?rest_route=\/wp\/v2\/pages\/105\/revisions\/1101"}],"wp:attachment":[{"href":"https:\/\/obsidianchronicles.com\/index.php?rest_route=%2Fwp%2Fv2%2Fmedia&parent=105"}],"curies":[{"name":"wp","href":"https:\/\/api.w.org\/{rel}","templated":true}]}}