{"id":435,"date":"2025-01-28T11:12:44","date_gmt":"2025-01-28T10:12:44","guid":{"rendered":"https:\/\/obsidianchronicles.com\/?page_id=435"},"modified":"2025-10-22T10:30:55","modified_gmt":"2025-10-22T08:30:55","slug":"wargame","status":"publish","type":"page","link":"https:\/\/obsidianchronicles.com\/?page_id=435","title":{"rendered":"Wargame"},"content":{"rendered":"<div id=\"wp-block-themeisle-blocks-advanced-columns-2c60bc77\" class=\"wp-block-themeisle-blocks-advanced-columns alignfull has-1-columns has-desktop-equal-layout has-tablet-equal-layout has-mobile-collapsedRows-layout has-reverse-columns-mobile has-vertical-center ticss-c00aadba\"><div class=\"wp-block-themeisle-blocks-advanced-columns-overlay\"><\/div><div class=\"innerblocks-wrap\"><div id=\"wp-block-themeisle-blocks-advanced-column-75b9263d\" class=\"wp-block-themeisle-blocks-advanced-column\"><figure class=\"wp-block-image size-large\"><img fetchpriority=\"high\" decoding=\"async\" width=\"1024\" height=\"683\" src=\"https:\/\/obsidianchronicles.com\/wp-content\/uploads\/2025\/10\/ChatGPT-Image-22-oct.-2025-10_19_18-1024x683.png\" alt=\"\" class=\"wp-image-912\" style=\"aspect-ratio:16\/9;object-fit:cover\" srcset=\"https:\/\/obsidianchronicles.com\/wp-content\/uploads\/2025\/10\/ChatGPT-Image-22-oct.-2025-10_19_18-1024x683.png 1024w, https:\/\/obsidianchronicles.com\/wp-content\/uploads\/2025\/10\/ChatGPT-Image-22-oct.-2025-10_19_18-300x200.png 300w, https:\/\/obsidianchronicles.com\/wp-content\/uploads\/2025\/10\/ChatGPT-Image-22-oct.-2025-10_19_18-768x512.png 768w, https:\/\/obsidianchronicles.com\/wp-content\/uploads\/2025\/10\/ChatGPT-Image-22-oct.-2025-10_19_18-348x232.png 348w, https:\/\/obsidianchronicles.com\/wp-content\/uploads\/2025\/10\/ChatGPT-Image-22-oct.-2025-10_19_18-454x303.png 454w, https:\/\/obsidianchronicles.com\/wp-content\/uploads\/2025\/10\/ChatGPT-Image-22-oct.-2025-10_19_18.png 1536w\" sizes=\"(max-width: 1024px) 100vw, 1024px\" \/><\/figure>\n\n<div style=\"height:100px\" aria-hidden=\"true\" class=\"wp-block-spacer\"><\/div><\/div><\/div><\/div><p><\/p><div id=\"wp-block-themeisle-blocks-advanced-columns-35825447\" class=\"wp-block-themeisle-blocks-advanced-columns alignfull has-2-columns has-desktop-equal-layout has-tablet-equal-layout has-mobile-collapsedRows-layout has-vertical-center has-dark-bg\"><div class=\"wp-block-themeisle-blocks-advanced-columns-overlay\"><\/div><div class=\"innerblocks-wrap\"><div id=\"wp-block-themeisle-blocks-advanced-column-fedc9d47\" class=\"wp-block-themeisle-blocks-advanced-column\"><figure class=\"wp-block-image size-full\"><img decoding=\"async\" width=\"3584\" height=\"4352\" src=\"https:\/\/obsidianchronicles.com\/wp-content\/uploads\/2025\/02\/54-detoure.png\" alt=\"\" class=\"wp-image-688\" srcset=\"https:\/\/obsidianchronicles.com\/wp-content\/uploads\/2025\/02\/54-detoure.png 3584w, https:\/\/obsidianchronicles.com\/wp-content\/uploads\/2025\/02\/54-detoure-348x423.png 348w, https:\/\/obsidianchronicles.com\/wp-content\/uploads\/2025\/02\/54-detoure-454x551.png 454w, https:\/\/obsidianchronicles.com\/wp-content\/uploads\/2025\/02\/54-detoure-247x300.png 247w, https:\/\/obsidianchronicles.com\/wp-content\/uploads\/2025\/02\/54-detoure-843x1024.png 843w, https:\/\/obsidianchronicles.com\/wp-content\/uploads\/2025\/02\/54-detoure-768x933.png 768w, https:\/\/obsidianchronicles.com\/wp-content\/uploads\/2025\/02\/54-detoure-1265x1536.png 1265w, https:\/\/obsidianchronicles.com\/wp-content\/uploads\/2025\/02\/54-detoure-1687x2048.png 1687w\" sizes=\"(max-width: 3584px) 100vw, 3584px\" \/><\/figure><\/div>\n\n<div id=\"wp-block-themeisle-blocks-advanced-column-ed1b12ac\" class=\"wp-block-themeisle-blocks-advanced-column\"><h2 id=\"wp-block-themeisle-blocks-advanced-heading-8f3ca166\" class=\"wp-block-themeisle-blocks-advanced-heading wp-block-themeisle-blocks-advanced-heading-8f3ca166\"><strong>En cours de production&#8230;<\/strong><\/h2>\n\n<p class=\"has-ast-global-color-4-color has-text-color has-link-color wp-elements-597243353ff4a228419745c45355cc52\">Les halfelins s&rsquo;aff\u00e8rent \u00e0 cr\u00e9er le wargame original parfait pour vous, un peu de patience, ils peaufinent les d\u00e9tails et mettent du coeur \u00e0 l&rsquo;ouvrage ! <br><br>En attendant, d\u00e9couvrez Vault of the Nameless pour vous familiariser avec le monde de Morneterre, et notre vision des aventures fantastiques en solo !<\/p>\n\n<div class=\"wp-block-buttons is-content-justification-center is-layout-flex wp-container-core-buttons-is-layout-a89b3969 wp-block-buttons-is-layout-flex\"><div class=\"wp-block-button\"><a class=\"wp-block-button__link has-text-color has-background has-link-color has-small-font-size has-custom-font-size wp-element-button\" href=\"https:\/\/obsidianchronicles.com\/?page_id=457\" style=\"color:#28253a;background-color:#d4af37\"><strong>Vault of the Nameless<\/strong><\/a><\/div><\/div>\n\n<div style=\"height:10px\" aria-hidden=\"true\" class=\"wp-block-spacer\"><\/div><\/div><\/div><\/div><p><\/p>","protected":false},"excerpt":{"rendered":"","protected":false},"author":1,"featured_media":0,"parent":0,"menu_order":0,"comment_status":"closed","ping_status":"closed","template":"","meta":{"site-sidebar-layout":"default","site-content-layout":"","ast-site-content-layout":"","site-content-style":"default","site-sidebar-style":"default","ast-global-header-display":"","ast-banner-title-visibility":"","ast-main-header-display":"","ast-hfb-above-header-display":"","ast-hfb-below-header-display":"","ast-hfb-mobile-header-display":"","site-post-title":"disabled","ast-breadcrumbs-content":"","ast-featured-img":"","footer-sml-layout":"","theme-transparent-header-meta":"","adv-header-id-meta":"","stick-header-meta":"","header-above-stick-meta":"","header-main-stick-meta":"","header-below-stick-meta":"","astra-migrate-meta-layouts":"default","ast-page-background-enabled":"default","ast-page-background-meta":{"desktop":{"background-color":"var(--ast-global-color-5)","background-image":"","background-repeat":"repeat","background-position":"center center","background-size":"auto","background-attachment":"scroll","background-type":"","background-media":"","overlay-type":"","overlay-color":"","overlay-opacity":"","overlay-gradient":""},"tablet":{"background-color":"","background-image":"","background-repeat":"repeat","background-position":"center center","background-size":"auto","background-attachment":"scroll","background-type":"","background-media":"","overlay-type":"","overlay-color":"","overlay-opacity":"","overlay-gradient":""},"mobile":{"background-color":"","background-image":"","background-repeat":"repeat","background-position":"center center","background-size":"auto","background-attachment":"scroll","background-type":"","background-media":"","overlay-type":"","overlay-color":"","overlay-opacity":"","overlay-gradient":""}},"ast-content-background-meta":{"desktop":{"background-color":"var(--ast-global-color-4)","background-image":"","background-repeat":"repeat","background-position":"center center","background-size":"auto","background-attachment":"scroll","background-type":"","background-media":"","overlay-type":"","overlay-color":"","overlay-opacity":"","overlay-gradient":""},"tablet":{"background-color":"var(--ast-global-color-4)","background-image":"","background-repeat":"repeat","background-position":"center center","background-size":"auto","background-attachment":"scroll","background-type":"","background-media":"","overlay-type":"","overlay-color":"","overlay-opacity":"","overlay-gradient":""},"mobile":{"background-color":"var(--ast-global-color-4)","background-image":"","background-repeat":"repeat","background-position":"center center","background-size":"auto","background-attachment":"scroll","background-type":"","background-media":"","overlay-type":"","overlay-color":"","overlay-opacity":"","overlay-gradient":""}},"_themeisle_gutenberg_block_has_review":false,"footnotes":""},"class_list":["post-435","page","type-page","status-publish","hentry"],"yoast_head":"<!-- This site is optimized with the Yoast SEO plugin v24.3 - https:\/\/yoast.com\/wordpress\/plugins\/seo\/ -->\n<title>Wargame - Obsidian Chronicles<\/title>\n<meta name=\"description\" content=\"D\u00e9couvrez les wargames originaux et strat\u00e9giques d\u00e9velopp\u00e9s par Obsidian Chronicles : des jeux immersifs alliant tactique et m\u00e9caniques originales.\" \/>\n<meta name=\"robots\" content=\"index, follow, max-snippet:-1, max-image-preview:large, max-video-preview:-1\" \/>\n<link rel=\"canonical\" href=\"https:\/\/obsidianchronicles.com\/?page_id=435\" \/>\n<meta property=\"og:locale\" content=\"fr_FR\" \/>\n<meta property=\"og:type\" content=\"article\" \/>\n<meta property=\"og:title\" content=\"Wargame - Obsidian Chronicles\" \/>\n<meta property=\"og:description\" content=\"D\u00e9couvrez les wargames originaux et strat\u00e9giques d\u00e9velopp\u00e9s par Obsidian Chronicles : des jeux immersifs alliant tactique et m\u00e9caniques originales.\" \/>\n<meta property=\"og:url\" content=\"https:\/\/obsidianchronicles.com\/?page_id=435\" \/>\n<meta property=\"og:site_name\" content=\"Obsidian Chronicles\" \/>\n<meta property=\"article:modified_time\" content=\"2025-10-22T08:30:55+00:00\" \/>\n<meta property=\"og:image\" content=\"https:\/\/obsidianchronicles.com\/wp-content\/uploads\/2025\/10\/ChatGPT-Image-22-oct.-2025-10_19_18-1024x683.png\" \/>\n\t<meta property=\"og:image:width\" content=\"1024\" \/>\n\t<meta property=\"og:image:height\" content=\"683\" \/>\n\t<meta property=\"og:image:type\" content=\"image\/png\" \/>\n<meta name=\"twitter:card\" content=\"summary_large_image\" \/>\n<meta name=\"twitter:label1\" content=\"Dur\u00e9e de lecture estim\u00e9e\" \/>\n\t<meta name=\"twitter:data1\" content=\"1 minute\" \/>\n<script type=\"application\/ld+json\" class=\"yoast-schema-graph\">{\"@context\":\"https:\/\/schema.org\",\"@graph\":[{\"@type\":\"WebPage\",\"@id\":\"https:\/\/obsidianchronicles.com\/?page_id=435\",\"url\":\"https:\/\/obsidianchronicles.com\/?page_id=435\",\"name\":\"Wargame - Obsidian Chronicles\",\"isPartOf\":{\"@id\":\"https:\/\/obsidianchronicles.com\/#website\"},\"primaryImageOfPage\":{\"@id\":\"https:\/\/obsidianchronicles.com\/?page_id=435#primaryimage\"},\"image\":{\"@id\":\"https:\/\/obsidianchronicles.com\/?page_id=435#primaryimage\"},\"thumbnailUrl\":\"https:\/\/obsidianchronicles.com\/wp-content\/uploads\/2025\/10\/ChatGPT-Image-22-oct.-2025-10_19_18-1024x683.png\",\"datePublished\":\"2025-01-28T10:12:44+00:00\",\"dateModified\":\"2025-10-22T08:30:55+00:00\",\"description\":\"D\u00e9couvrez les wargames originaux et strat\u00e9giques d\u00e9velopp\u00e9s par Obsidian Chronicles : des jeux immersifs alliant tactique et m\u00e9caniques originales.\",\"breadcrumb\":{\"@id\":\"https:\/\/obsidianchronicles.com\/?page_id=435#breadcrumb\"},\"inLanguage\":\"fr-FR\",\"potentialAction\":[{\"@type\":\"ReadAction\",\"target\":[\"https:\/\/obsidianchronicles.com\/?page_id=435\"]}]},{\"@type\":\"ImageObject\",\"inLanguage\":\"fr-FR\",\"@id\":\"https:\/\/obsidianchronicles.com\/?page_id=435#primaryimage\",\"url\":\"https:\/\/obsidianchronicles.com\/wp-content\/uploads\/2025\/10\/ChatGPT-Image-22-oct.-2025-10_19_18.png\",\"contentUrl\":\"https:\/\/obsidianchronicles.com\/wp-content\/uploads\/2025\/10\/ChatGPT-Image-22-oct.-2025-10_19_18.png\",\"width\":1536,\"height\":1024},{\"@type\":\"BreadcrumbList\",\"@id\":\"https:\/\/obsidianchronicles.com\/?page_id=435#breadcrumb\",\"itemListElement\":[{\"@type\":\"ListItem\",\"position\":1,\"name\":\"Accueil\",\"item\":\"https:\/\/obsidianchronicles.com\/\"},{\"@type\":\"ListItem\",\"position\":2,\"name\":\"Wargame\"}]},{\"@type\":\"WebSite\",\"@id\":\"https:\/\/obsidianchronicles.com\/#website\",\"url\":\"https:\/\/obsidianchronicles.com\/\",\"name\":\"Obsidian Chronicles\",\"description\":\"\",\"publisher\":{\"@id\":\"https:\/\/obsidianchronicles.com\/#organization\"},\"potentialAction\":[{\"@type\":\"SearchAction\",\"target\":{\"@type\":\"EntryPoint\",\"urlTemplate\":\"https:\/\/obsidianchronicles.com\/?s={search_term_string}\"},\"query-input\":{\"@type\":\"PropertyValueSpecification\",\"valueRequired\":true,\"valueName\":\"search_term_string\"}}],\"inLanguage\":\"fr-FR\"},{\"@type\":\"Organization\",\"@id\":\"https:\/\/obsidianchronicles.com\/#organization\",\"name\":\"Obsidian Chronicles\",\"url\":\"https:\/\/obsidianchronicles.com\/\",\"logo\":{\"@type\":\"ImageObject\",\"inLanguage\":\"fr-FR\",\"@id\":\"https:\/\/obsidianchronicles.com\/#\/schema\/logo\/image\/\",\"url\":\"https:\/\/obsidianchronicles.com\/wp-content\/uploads\/2025\/02\/300-dpi-png.png\",\"contentUrl\":\"https:\/\/obsidianchronicles.com\/wp-content\/uploads\/2025\/02\/300-dpi-png.png\",\"width\":2500,\"height\":2500,\"caption\":\"Obsidian Chronicles\"},\"image\":{\"@id\":\"https:\/\/obsidianchronicles.com\/#\/schema\/logo\/image\/\"}}]}<\/script>\n<!-- \/ Yoast SEO plugin. -->","yoast_head_json":{"title":"Wargame - Obsidian Chronicles","description":"D\u00e9couvrez les wargames originaux et strat\u00e9giques d\u00e9velopp\u00e9s par Obsidian Chronicles : des jeux immersifs alliant tactique et m\u00e9caniques originales.","robots":{"index":"index","follow":"follow","max-snippet":"max-snippet:-1","max-image-preview":"max-image-preview:large","max-video-preview":"max-video-preview:-1"},"canonical":"https:\/\/obsidianchronicles.com\/?page_id=435","og_locale":"fr_FR","og_type":"article","og_title":"Wargame - Obsidian Chronicles","og_description":"D\u00e9couvrez les wargames originaux et strat\u00e9giques d\u00e9velopp\u00e9s par Obsidian Chronicles : des jeux immersifs alliant tactique et m\u00e9caniques originales.","og_url":"https:\/\/obsidianchronicles.com\/?page_id=435","og_site_name":"Obsidian Chronicles","article_modified_time":"2025-10-22T08:30:55+00:00","og_image":[{"width":1024,"height":683,"url":"https:\/\/obsidianchronicles.com\/wp-content\/uploads\/2025\/10\/ChatGPT-Image-22-oct.-2025-10_19_18-1024x683.png","type":"image\/png"}],"twitter_card":"summary_large_image","twitter_misc":{"Dur\u00e9e de lecture estim\u00e9e":"1 minute"},"schema":{"@context":"https:\/\/schema.org","@graph":[{"@type":"WebPage","@id":"https:\/\/obsidianchronicles.com\/?page_id=435","url":"https:\/\/obsidianchronicles.com\/?page_id=435","name":"Wargame - Obsidian Chronicles","isPartOf":{"@id":"https:\/\/obsidianchronicles.com\/#website"},"primaryImageOfPage":{"@id":"https:\/\/obsidianchronicles.com\/?page_id=435#primaryimage"},"image":{"@id":"https:\/\/obsidianchronicles.com\/?page_id=435#primaryimage"},"thumbnailUrl":"https:\/\/obsidianchronicles.com\/wp-content\/uploads\/2025\/10\/ChatGPT-Image-22-oct.-2025-10_19_18-1024x683.png","datePublished":"2025-01-28T10:12:44+00:00","dateModified":"2025-10-22T08:30:55+00:00","description":"D\u00e9couvrez les wargames originaux et strat\u00e9giques d\u00e9velopp\u00e9s par Obsidian Chronicles : des jeux immersifs alliant tactique et m\u00e9caniques originales.","breadcrumb":{"@id":"https:\/\/obsidianchronicles.com\/?page_id=435#breadcrumb"},"inLanguage":"fr-FR","potentialAction":[{"@type":"ReadAction","target":["https:\/\/obsidianchronicles.com\/?page_id=435"]}]},{"@type":"ImageObject","inLanguage":"fr-FR","@id":"https:\/\/obsidianchronicles.com\/?page_id=435#primaryimage","url":"https:\/\/obsidianchronicles.com\/wp-content\/uploads\/2025\/10\/ChatGPT-Image-22-oct.-2025-10_19_18.png","contentUrl":"https:\/\/obsidianchronicles.com\/wp-content\/uploads\/2025\/10\/ChatGPT-Image-22-oct.-2025-10_19_18.png","width":1536,"height":1024},{"@type":"BreadcrumbList","@id":"https:\/\/obsidianchronicles.com\/?page_id=435#breadcrumb","itemListElement":[{"@type":"ListItem","position":1,"name":"Accueil","item":"https:\/\/obsidianchronicles.com\/"},{"@type":"ListItem","position":2,"name":"Wargame"}]},{"@type":"WebSite","@id":"https:\/\/obsidianchronicles.com\/#website","url":"https:\/\/obsidianchronicles.com\/","name":"Obsidian Chronicles","description":"","publisher":{"@id":"https:\/\/obsidianchronicles.com\/#organization"},"potentialAction":[{"@type":"SearchAction","target":{"@type":"EntryPoint","urlTemplate":"https:\/\/obsidianchronicles.com\/?s={search_term_string}"},"query-input":{"@type":"PropertyValueSpecification","valueRequired":true,"valueName":"search_term_string"}}],"inLanguage":"fr-FR"},{"@type":"Organization","@id":"https:\/\/obsidianchronicles.com\/#organization","name":"Obsidian Chronicles","url":"https:\/\/obsidianchronicles.com\/","logo":{"@type":"ImageObject","inLanguage":"fr-FR","@id":"https:\/\/obsidianchronicles.com\/#\/schema\/logo\/image\/","url":"https:\/\/obsidianchronicles.com\/wp-content\/uploads\/2025\/02\/300-dpi-png.png","contentUrl":"https:\/\/obsidianchronicles.com\/wp-content\/uploads\/2025\/02\/300-dpi-png.png","width":2500,"height":2500,"caption":"Obsidian Chronicles"},"image":{"@id":"https:\/\/obsidianchronicles.com\/#\/schema\/logo\/image\/"}}]}},"jetpack_sharing_enabled":true,"_links":{"self":[{"href":"https:\/\/obsidianchronicles.com\/index.php?rest_route=\/wp\/v2\/pages\/435","targetHints":{"allow":["GET"]}}],"collection":[{"href":"https:\/\/obsidianchronicles.com\/index.php?rest_route=\/wp\/v2\/pages"}],"about":[{"href":"https:\/\/obsidianchronicles.com\/index.php?rest_route=\/wp\/v2\/types\/page"}],"author":[{"embeddable":true,"href":"https:\/\/obsidianchronicles.com\/index.php?rest_route=\/wp\/v2\/users\/1"}],"replies":[{"embeddable":true,"href":"https:\/\/obsidianchronicles.com\/index.php?rest_route=%2Fwp%2Fv2%2Fcomments&post=435"}],"version-history":[{"count":17,"href":"https:\/\/obsidianchronicles.com\/index.php?rest_route=\/wp\/v2\/pages\/435\/revisions"}],"predecessor-version":[{"id":913,"href":"https:\/\/obsidianchronicles.com\/index.php?rest_route=\/wp\/v2\/pages\/435\/revisions\/913"}],"wp:attachment":[{"href":"https:\/\/obsidianchronicles.com\/index.php?rest_route=%2Fwp%2Fv2%2Fmedia&parent=435"}],"curies":[{"name":"wp","href":"https:\/\/api.w.org\/{rel}","templated":true}]}}