{"id":807,"date":"2025-04-04T10:05:34","date_gmt":"2025-04-04T08:05:34","guid":{"rendered":"https:\/\/obsidianchronicles.com\/?page_id=807"},"modified":"2025-12-20T17:43:46","modified_gmt":"2025-12-20T16:43:46","slug":"foire-aux-questions","status":"publish","type":"page","link":"https:\/\/obsidianchronicles.com\/?page_id=807","title":{"rendered":"Foire aux questions"},"content":{"rendered":"<p>Bienvenue dans notre FAQ, vous retrouverez ici les principales interrogations qui arrivent \u00e0 nos oreilles, et les pr\u00e9cisions utiles sur nos diff\u00e9rents jeux. <\/p><h2 class=\"wp-block-heading\"><strong>Vault of the Nameless<\/strong><\/h2><p><strong>C&rsquo;est quoi un D10 ? Un D20 ? <\/strong><br>Il s&rsquo;agit d&rsquo;un simple d\u00e9 avec plusieurs faces. Un D20 est un d\u00e9 \u00e0 20 faces. De la m\u00eame mani\u00e8re, un D10 est un d\u00e9 \u00e0 10 faces, et ainsi de suite.<br><br><strong>Est-ce qu&rsquo;une biblioth\u00e8que ou un rack d&rsquo;armes occupe une case ? <\/strong><br>Non, ces \u00e9l\u00e9ments sont consid\u00e9r\u00e9s comme plac\u00e9s contre les murs, et n&rsquo;occupe pas la case sur laquelle ils sont plac\u00e9s. <br><br><strong>Je n&rsquo;ai pas de figurines mais j&rsquo;ai envie de jouer quand m\u00eame, comment puis-je faire ? <\/strong><br>Poss\u00e9der des figurines ou des d\u00e9cors n&rsquo;est pas une absolu n\u00e9cessit\u00e9, m\u00eame si cela simplifie grandement l&rsquo;immersion. Nous proposons une bo\u00eete de d\u00e9marrage pour Vault of the Nameless qui contiens tout ce qu&rsquo;il vous faut pour jouer d\u00e8s l&rsquo;ouverture de la bo\u00eete.<br><br><strong>Je n&rsquo;arrive pas \u00e0 d\u00e9terminer le comportement des opposants dans ma partie, comment puis-je faire ? <\/strong><br>Vous trouverez des indications pr\u00e9cises dans le livre de r\u00e8gle \u00e0 la page 23. Si les crit\u00e8res ne correspondent pas \u00e0 l&rsquo;opposant qui vous int\u00e9resse, d\u00e9terminez de fa\u00e7on logique son comportement, comme si l&rsquo;opposant \u00e9tait sous votre contr\u00f4le et devait affronter votre \u00e9quipe d&rsquo;aventuriers.<br><br><strong>Le livre de r\u00e8gles n&rsquo;est plus disponible, comment puis-je me le procurer ? <\/strong><br>Pas de panique, nous travaillons de fa\u00e7on optimale pour avoir du stock le plus souvent possible. Nous sommes une petite entreprise et il est possible que certains articles soient en rupture de stock de temps \u00e0 autre, mais soyez assur\u00e9 que si c&rsquo;est le cas, d&rsquo;autres exemplaires sont d&rsquo;ores et d\u00e9j\u00e0 en commande aupr\u00e8s de nos prestataires. Un produit commandable sur notre site internet est disponible et vous \u00eates assur\u00e9 de recevoir votre commande. Nous retirons les articles de la vente lorsqu&rsquo;ils ne sont plus du tout disponibles. <br><br><strong>Je n&rsquo;ai pas de figurines adapt\u00e9es pour l&rsquo;extension A Dreadful Journey, comment puis-je faire ? <\/strong><br>Nous travaillons actuellement sur la production de figurines pour agrandir votre collection et vous proposer une exp\u00e9rience immersive et originale. Plusieurs figurines exclusives sont d\u00e9j\u00e0 disponibles au format ST, et les figrines physiques arriveront tr\u00e8s bient\u00f4t. Vous retrouverez bient\u00f4t l&rsquo;ensemble du bestiaire de cette extension.<br><br><strong>Qui illustre les livres ? <\/strong><br>Moi, avec l&rsquo;aide de l&rsquo;intelligence Artificielle g\u00e9n\u00e9rative. En effet, j&rsquo;ai fait appel \u00e0 des illustrateurs pour certaines illustrations, mais la cr\u00e9ation de toutes les images des livres \u00e9tait un co\u00fbt que ne pouvais pas supporter Obsidian Chronicles \u00e0 sa cr\u00e9ation. Je respecte le travail des illustrateurs, et j&rsquo;essaie tant que faire se peut de faire travailler des ind\u00e9pendants, mais l&rsquo;outil de l&rsquo;intelligence artificielle m&rsquo;a permis de lancer cette formidable aventure. Gr\u00e2ce au soutien des joueurs, il m&rsquo;est maintenant possible de faire appel plus souvent \u00e0 des ind\u00e9pendants hors IA ! <br>Petite pr\u00e9cision, les mod\u00e8les 3D des figurines qui incarnent les engeances de Morneterre sont 100% faites par des humains. C&rsquo;est un co\u00fbt qui a \u00e9t\u00e9 motiv\u00e9 par l&rsquo;attrait et la demande pour acc\u00e9der \u00e0 la gamme de figurines d&rsquo;Obsidian Chronicles. <br>Dans un futur proche, Obsidian Chronicles pourra faire appel \u00e0 des illustrateurs pour 100% des r\u00e9alisations, c&rsquo;est un des objectifs importants \u00e0 court terme !<\/p><p><\/p><p><\/p>","protected":false},"excerpt":{"rendered":"<p>Bienvenue dans notre FAQ, vous retrouverez ici les principales interrogations qui arrivent \u00e0 nos oreilles, et les pr\u00e9cisions utiles sur [&hellip;]<\/p>\n","protected":false},"author":1,"featured_media":0,"parent":0,"menu_order":0,"comment_status":"closed","ping_status":"closed","template":"","meta":{"site-sidebar-layout":"default","site-content-layout":"","ast-site-content-layout":"","site-content-style":"default","site-sidebar-style":"default","ast-global-header-display":"","ast-banner-title-visibility":"","ast-main-header-display":"","ast-hfb-above-header-display":"","ast-hfb-below-header-display":"","ast-hfb-mobile-header-display":"","site-post-title":"","ast-breadcrumbs-content":"","ast-featured-img":"","footer-sml-layout":"","theme-transparent-header-meta":"","adv-header-id-meta":"","stick-header-meta":"","header-above-stick-meta":"","header-main-stick-meta":"","header-below-stick-meta":"","astra-migrate-meta-layouts":"default","ast-page-background-enabled":"default","ast-page-background-meta":{"desktop":{"background-color":"var(--ast-global-color-5)","background-image":"","background-repeat":"repeat","background-position":"center center","background-size":"auto","background-attachment":"scroll","background-type":"","background-media":"","overlay-type":"","overlay-color":"","overlay-opacity":"","overlay-gradient":""},"tablet":{"background-color":"","background-image":"","background-repeat":"repeat","background-position":"center center","background-size":"auto","background-attachment":"scroll","background-type":"","background-media":"","overlay-type":"","overlay-color":"","overlay-opacity":"","overlay-gradient":""},"mobile":{"background-color":"","background-image":"","background-repeat":"repeat","background-position":"center center","background-size":"auto","background-attachment":"scroll","background-type":"","background-media":"","overlay-type":"","overlay-color":"","overlay-opacity":"","overlay-gradient":""}},"ast-content-background-meta":{"desktop":{"background-color":"var(--ast-global-color-4)","background-image":"","background-repeat":"repeat","background-position":"center center","background-size":"auto","background-attachment":"scroll","background-type":"","background-media":"","overlay-type":"","overlay-color":"","overlay-opacity":"","overlay-gradient":""},"tablet":{"background-color":"var(--ast-global-color-4)","background-image":"","background-repeat":"repeat","background-position":"center center","background-size":"auto","background-attachment":"scroll","background-type":"","background-media":"","overlay-type":"","overlay-color":"","overlay-opacity":"","overlay-gradient":""},"mobile":{"background-color":"var(--ast-global-color-4)","background-image":"","background-repeat":"repeat","background-position":"center center","background-size":"auto","background-attachment":"scroll","background-type":"","background-media":"","overlay-type":"","overlay-color":"","overlay-opacity":"","overlay-gradient":""}},"_themeisle_gutenberg_block_has_review":false,"footnotes":""},"class_list":["post-807","page","type-page","status-publish","hentry"],"yoast_head":"<!-- This site is optimized with the Yoast SEO plugin v24.3 - https:\/\/yoast.com\/wordpress\/plugins\/seo\/ -->\n<title>Foire aux questions - Obsidian Chronicles<\/title>\n<meta name=\"robots\" content=\"index, follow, max-snippet:-1, max-image-preview:large, max-video-preview:-1\" \/>\n<link rel=\"canonical\" href=\"https:\/\/obsidianchronicles.com\/?page_id=807\" \/>\n<meta property=\"og:locale\" content=\"fr_FR\" \/>\n<meta property=\"og:type\" content=\"article\" \/>\n<meta property=\"og:title\" content=\"Foire aux questions - Obsidian Chronicles\" \/>\n<meta property=\"og:description\" content=\"Bienvenue dans notre FAQ, vous retrouverez ici les principales interrogations qui arrivent \u00e0 nos oreilles, et les pr\u00e9cisions utiles sur [&hellip;]\" \/>\n<meta property=\"og:url\" content=\"https:\/\/obsidianchronicles.com\/?page_id=807\" \/>\n<meta property=\"og:site_name\" content=\"Obsidian Chronicles\" \/>\n<meta property=\"article:modified_time\" content=\"2025-12-20T16:43:46+00:00\" \/>\n<meta name=\"twitter:card\" content=\"summary_large_image\" \/>\n<meta name=\"twitter:label1\" content=\"Dur\u00e9e de lecture estim\u00e9e\" \/>\n\t<meta name=\"twitter:data1\" content=\"3 minutes\" \/>\n<script type=\"application\/ld+json\" class=\"yoast-schema-graph\">{\"@context\":\"https:\/\/schema.org\",\"@graph\":[{\"@type\":\"WebPage\",\"@id\":\"https:\/\/obsidianchronicles.com\/?page_id=807\",\"url\":\"https:\/\/obsidianchronicles.com\/?page_id=807\",\"name\":\"Foire aux questions - Obsidian Chronicles\",\"isPartOf\":{\"@id\":\"https:\/\/obsidianchronicles.com\/#website\"},\"datePublished\":\"2025-04-04T08:05:34+00:00\",\"dateModified\":\"2025-12-20T16:43:46+00:00\",\"breadcrumb\":{\"@id\":\"https:\/\/obsidianchronicles.com\/?page_id=807#breadcrumb\"},\"inLanguage\":\"fr-FR\",\"potentialAction\":[{\"@type\":\"ReadAction\",\"target\":[\"https:\/\/obsidianchronicles.com\/?page_id=807\"]}]},{\"@type\":\"BreadcrumbList\",\"@id\":\"https:\/\/obsidianchronicles.com\/?page_id=807#breadcrumb\",\"itemListElement\":[{\"@type\":\"ListItem\",\"position\":1,\"name\":\"Accueil\",\"item\":\"https:\/\/obsidianchronicles.com\/\"},{\"@type\":\"ListItem\",\"position\":2,\"name\":\"Foire aux questions\"}]},{\"@type\":\"WebSite\",\"@id\":\"https:\/\/obsidianchronicles.com\/#website\",\"url\":\"https:\/\/obsidianchronicles.com\/\",\"name\":\"Obsidian Chronicles\",\"description\":\"\",\"publisher\":{\"@id\":\"https:\/\/obsidianchronicles.com\/#organization\"},\"potentialAction\":[{\"@type\":\"SearchAction\",\"target\":{\"@type\":\"EntryPoint\",\"urlTemplate\":\"https:\/\/obsidianchronicles.com\/?s={search_term_string}\"},\"query-input\":{\"@type\":\"PropertyValueSpecification\",\"valueRequired\":true,\"valueName\":\"search_term_string\"}}],\"inLanguage\":\"fr-FR\"},{\"@type\":\"Organization\",\"@id\":\"https:\/\/obsidianchronicles.com\/#organization\",\"name\":\"Obsidian Chronicles\",\"url\":\"https:\/\/obsidianchronicles.com\/\",\"logo\":{\"@type\":\"ImageObject\",\"inLanguage\":\"fr-FR\",\"@id\":\"https:\/\/obsidianchronicles.com\/#\/schema\/logo\/image\/\",\"url\":\"https:\/\/obsidianchronicles.com\/wp-content\/uploads\/2025\/02\/300-dpi-png.png\",\"contentUrl\":\"https:\/\/obsidianchronicles.com\/wp-content\/uploads\/2025\/02\/300-dpi-png.png\",\"width\":2500,\"height\":2500,\"caption\":\"Obsidian Chronicles\"},\"image\":{\"@id\":\"https:\/\/obsidianchronicles.com\/#\/schema\/logo\/image\/\"}}]}<\/script>\n<!-- \/ Yoast SEO plugin. -->","yoast_head_json":{"title":"Foire aux questions - Obsidian Chronicles","robots":{"index":"index","follow":"follow","max-snippet":"max-snippet:-1","max-image-preview":"max-image-preview:large","max-video-preview":"max-video-preview:-1"},"canonical":"https:\/\/obsidianchronicles.com\/?page_id=807","og_locale":"fr_FR","og_type":"article","og_title":"Foire aux questions - Obsidian Chronicles","og_description":"Bienvenue dans notre FAQ, vous retrouverez ici les principales interrogations qui arrivent \u00e0 nos oreilles, et les pr\u00e9cisions utiles sur [&hellip;]","og_url":"https:\/\/obsidianchronicles.com\/?page_id=807","og_site_name":"Obsidian Chronicles","article_modified_time":"2025-12-20T16:43:46+00:00","twitter_card":"summary_large_image","twitter_misc":{"Dur\u00e9e de lecture estim\u00e9e":"3 minutes"},"schema":{"@context":"https:\/\/schema.org","@graph":[{"@type":"WebPage","@id":"https:\/\/obsidianchronicles.com\/?page_id=807","url":"https:\/\/obsidianchronicles.com\/?page_id=807","name":"Foire aux questions - Obsidian Chronicles","isPartOf":{"@id":"https:\/\/obsidianchronicles.com\/#website"},"datePublished":"2025-04-04T08:05:34+00:00","dateModified":"2025-12-20T16:43:46+00:00","breadcrumb":{"@id":"https:\/\/obsidianchronicles.com\/?page_id=807#breadcrumb"},"inLanguage":"fr-FR","potentialAction":[{"@type":"ReadAction","target":["https:\/\/obsidianchronicles.com\/?page_id=807"]}]},{"@type":"BreadcrumbList","@id":"https:\/\/obsidianchronicles.com\/?page_id=807#breadcrumb","itemListElement":[{"@type":"ListItem","position":1,"name":"Accueil","item":"https:\/\/obsidianchronicles.com\/"},{"@type":"ListItem","position":2,"name":"Foire aux questions"}]},{"@type":"WebSite","@id":"https:\/\/obsidianchronicles.com\/#website","url":"https:\/\/obsidianchronicles.com\/","name":"Obsidian Chronicles","description":"","publisher":{"@id":"https:\/\/obsidianchronicles.com\/#organization"},"potentialAction":[{"@type":"SearchAction","target":{"@type":"EntryPoint","urlTemplate":"https:\/\/obsidianchronicles.com\/?s={search_term_string}"},"query-input":{"@type":"PropertyValueSpecification","valueRequired":true,"valueName":"search_term_string"}}],"inLanguage":"fr-FR"},{"@type":"Organization","@id":"https:\/\/obsidianchronicles.com\/#organization","name":"Obsidian Chronicles","url":"https:\/\/obsidianchronicles.com\/","logo":{"@type":"ImageObject","inLanguage":"fr-FR","@id":"https:\/\/obsidianchronicles.com\/#\/schema\/logo\/image\/","url":"https:\/\/obsidianchronicles.com\/wp-content\/uploads\/2025\/02\/300-dpi-png.png","contentUrl":"https:\/\/obsidianchronicles.com\/wp-content\/uploads\/2025\/02\/300-dpi-png.png","width":2500,"height":2500,"caption":"Obsidian Chronicles"},"image":{"@id":"https:\/\/obsidianchronicles.com\/#\/schema\/logo\/image\/"}}]}},"jetpack_sharing_enabled":true,"_links":{"self":[{"href":"https:\/\/obsidianchronicles.com\/index.php?rest_route=\/wp\/v2\/pages\/807","targetHints":{"allow":["GET"]}}],"collection":[{"href":"https:\/\/obsidianchronicles.com\/index.php?rest_route=\/wp\/v2\/pages"}],"about":[{"href":"https:\/\/obsidianchronicles.com\/index.php?rest_route=\/wp\/v2\/types\/page"}],"author":[{"embeddable":true,"href":"https:\/\/obsidianchronicles.com\/index.php?rest_route=\/wp\/v2\/users\/1"}],"replies":[{"embeddable":true,"href":"https:\/\/obsidianchronicles.com\/index.php?rest_route=%2Fwp%2Fv2%2Fcomments&post=807"}],"version-history":[{"count":10,"href":"https:\/\/obsidianchronicles.com\/index.php?rest_route=\/wp\/v2\/pages\/807\/revisions"}],"predecessor-version":[{"id":1091,"href":"https:\/\/obsidianchronicles.com\/index.php?rest_route=\/wp\/v2\/pages\/807\/revisions\/1091"}],"wp:attachment":[{"href":"https:\/\/obsidianchronicles.com\/index.php?rest_route=%2Fwp%2Fv2%2Fmedia&parent=807"}],"curies":[{"name":"wp","href":"https:\/\/api.w.org\/{rel}","templated":true}]}}