{"id":1004,"date":"2025-12-05T08:51:15","date_gmt":"2025-12-05T07:51:15","guid":{"rendered":"https:\/\/obsidianchronicles.com\/?post_type=product&#038;p=1004"},"modified":"2025-12-17T09:57:02","modified_gmt":"2025-12-17T08:57:02","slug":"pdf-a-dreadful-journey-extension-pour-vault-of-the-nameless","status":"publish","type":"product","link":"https:\/\/obsidianchronicles.com\/?product=pdf-a-dreadful-journey-extension-pour-vault-of-the-nameless","title":{"rendered":"A Dreadful Journey \u2013 Extension pour Vault of the Nameless"},"content":{"rendered":"<p>Plongez dans de nouvelles aventures dans cette premi\u00e8re extension pour Vault of the Nameless !<\/p>\n<p>Rassemblez votre compagnie et partez \u00e0 la recherche d\u2019une relique ancienne pour le compte d\u2019un commanditaire myst\u00e9rieux donc vous ne savez rien. Traversez es \u00e9tendues d\u00e9sertiques, des for\u00eats fongiques et des cha\u00eenes de montagnes hostiles.<\/p>\n<p><strong>De nouveaux biomes de donjon et r\u00e9gions \u00e0 explorer<\/strong><\/p>\n<p>Explorez trois grandes r\u00e9gions de Morneterre \u00e0 travers des sc\u00e9narios originaux et une histoire riche. Vous traverserez le d\u00e9sert de Verresable, remplis de monolithes myst\u00e9rieux et en proie \u00e0 un peuple oppresseur. Enfoncez-vous dans la for\u00eat fongique aux c\u00f4t\u00e9s d\u2019une gardienne centenaire, prot\u00e9geant la for\u00eat contre une divinit\u00e9 mineure. Enfin, gravissez les Pics de Givre Noir et rencontrez les Draeds, ce peuple maudit prisonnier des montagnes et de leur propre cupidit\u00e9.<\/p>\n<p><strong>Un contenu toujours plus riche<\/strong><\/p>\n<p>Dans cet ouvrage, vous trouvez un grand nombre de contenu venant s\u2019ajouter \u00e0 celui du livre de base de Vault of the Nameless. Viens s\u2019additionner :<\/p>\n<ul>\n<li>Trois races jouables<\/li>\n<li>Un aventurier l\u00e9gendaire<\/li>\n<li>De nouvelles classes et de nouvelles r\u00e8gles<\/li>\n<li>Quatre nouveaux courants de magie<\/li>\n<li>Un bestiaire de onze cr\u00e9atures diff\u00e9rentes que vous rencontrerez lors de la campagne<\/li>\n<li>Dix sc\u00e9narios narr\u00e9s au travers d\u2019une campagne originale et palpitante<\/li>\n<\/ul>\n<p><strong>Une campagne narrative en 10 sc\u00e9narios uniques<\/strong><\/p>\n<p>Dans A dreadful journey, vous jouerez une campagne divis\u00e9e en dix sc\u00e9narios originaux et \u00e0 la difficult\u00e9 variable. Elle vous emm\u00e8nera \u00e0 travers plusieurs r\u00e9gions de Morneterre et mettre votre compagnie d\u2019aventuriers \u00e0 rude \u00e9preuve, mais \u00e9galement vos choix personnels.<\/p>\n<p><strong>Des aides de jeu originaux vous attendent<\/strong><\/p>\n<p>Avec la sortie de cette extension, des aides de jeu uniques vous attendent sur notre site internet ! Des tuiles et plateaux de jeu sont propos\u00e9s en t\u00e9l\u00e9chargement gratuit, ou en support physique dans notre boutique. Je d\u00e9veloppe \u00e9galement des figurines pour rendre vos aventures encore plus immersives dans le monde de Morneterre. Vous pouvez d\u00e9j\u00e0 en retrouver disponibles sur notre boutique, et d\u2019autres viendront encore se rajouter \u00e0 cette collection.<\/p>\n<p><strong>Des choix d\u00e9terminants pour le futur de Vault of the Nameless<\/strong><\/p>\n<p>En effet, les choix que vous ferez tout au long de cette campagne auront un impact sur l\u2019avenir de Vault of the Nameless ! Je vous propose de r\u00e9pondre \u00e0 une enqu\u00eate dans quelques temps, pour me faire un retour de ce qui s\u2019est pass\u00e9 lors de vos aventures. Avec ces informations, une nouvelle extension verra le jour, dont les \u00e9v\u00e8nements seront directement li\u00e9s \u00e0 vos d\u00e9cisions !<\/p>\n<p>Contient :<\/p>\n<ul>\n<li>1 livre seul de 88 pages de l\u2019extension <strong>A Dreadful Journey<\/strong>\u00a0pour\u00a0<strong>Vault of the Nameless, <\/strong>au format<strong> num\u00e9rique <\/strong>(PDF compress\u00e9)<\/li>\n<li>Les maps de support \u00e0 la campagne de <strong>A Dreadful Journey<\/strong>, format <strong>num\u00e9rique<\/strong> (PDf compress\u00e9))<\/li>\n<\/ul>\n","protected":false},"excerpt":{"rendered":"<p>Plongez dans de nouvelles aventures dans cette premi\u00e8re extension pour Vault of the Nameless !<br \/>\nDans A dreadful journey, vous jouerez une campagne divis\u00e9e en dix sc\u00e9narios originaux et \u00e0 la difficult\u00e9 variable. Elle vous emm\u00e8nera \u00e0 travers plusieurs r\u00e9gions de Morneterre et mettra votre compagnie d\u2019aventuriers \u00e0 rude \u00e9preuve, mais \u00e9galement vos choix personnels.<\/p>\n<ul>\n<li>Trois races jouables<\/li>\n<li>Un aventurier l\u00e9gendaire<\/li>\n<li>De nouvelles classes et de nouvelles r\u00e8gles<\/li>\n<li>Quatre nouveaux courants de magie<\/li>\n<li>Un bestiaire de onze cr\u00e9atures diff\u00e9rentes que vous rencontrerez lors de la campagne<\/li>\n<li>Dix sc\u00e9narios narr\u00e9s au travers d\u2019une campagne originale et palpitante<\/li>\n<\/ul>\n<p>Contient :<\/p>\n<ul>\n<li>1 livre seul de 88 pages de l\u2019extension <strong>A Dreadful Journey<\/strong>\u00a0pour\u00a0<strong>Vault of the Nameless, <\/strong>au format<strong> num\u00e9rique <\/strong>(PDF compress\u00e9)<\/li>\n<li>Les maps de support \u00e0 la campagne de <strong>A Dreadful Journey<\/strong>, format <strong>num\u00e9rique<\/strong> (PDf compress\u00e9))<\/li>\n<\/ul>\n","protected":false},"featured_media":792,"comment_status":"open","ping_status":"closed","template":"","meta":{"site-sidebar-layout":"default","site-content-layout":"","ast-site-content-layout":"default","site-content-style":"default","site-sidebar-style":"default","ast-global-header-display":"","ast-banner-title-visibility":"","ast-main-header-display":"","ast-hfb-above-header-display":"","ast-hfb-below-header-display":"","ast-hfb-mobile-header-display":"","site-post-title":"","ast-breadcrumbs-content":"","ast-featured-img":"","footer-sml-layout":"","theme-transparent-header-meta":"default","adv-header-id-meta":"","stick-header-meta":"","header-above-stick-meta":"","header-main-stick-meta":"","header-below-stick-meta":"","astra-migrate-meta-layouts":"set","ast-page-background-enabled":"default","ast-page-background-meta":{"desktop":{"background-color":"var(--ast-global-color-5)","background-image":"","background-repeat":"repeat","background-position":"center center","background-size":"auto","background-attachment":"scroll","background-type":"","background-media":"","overlay-type":"","overlay-color":"","overlay-opacity":"","overlay-gradient":""},"tablet":{"background-color":"","background-image":"","background-repeat":"repeat","background-position":"center center","background-size":"auto","background-attachment":"scroll","background-type":"","background-media":"","overlay-type":"","overlay-color":"","overlay-opacity":"","overlay-gradient":""},"mobile":{"background-color":"","background-image":"","background-repeat":"repeat","background-position":"center center","background-size":"auto","background-attachment":"scroll","background-type":"","background-media":"","overlay-type":"","overlay-color":"","overlay-opacity":"","overlay-gradient":""}},"ast-content-background-meta":{"desktop":{"background-color":"var(--ast-global-color-4)","background-image":"","background-repeat":"repeat","background-position":"center center","background-size":"auto","background-attachment":"scroll","background-type":"","background-media":"","overlay-type":"","overlay-color":"","overlay-opacity":"","overlay-gradient":""},"tablet":{"background-color":"var(--ast-global-color-4)","background-image":"","background-repeat":"repeat","background-position":"center center","background-size":"auto","background-attachment":"scroll","background-type":"","background-media":"","overlay-type":"","overlay-color":"","overlay-opacity":"","overlay-gradient":""},"mobile":{"background-color":"var(--ast-global-color-4)","background-image":"","background-repeat":"repeat","background-position":"center center","background-size":"auto","background-attachment":"scroll","background-type":"","background-media":"","overlay-type":"","overlay-color":"","overlay-opacity":"","overlay-gradient":""}},"_themeisle_gutenberg_block_has_review":false},"product_brand":[],"product_cat":[50],"product_tag":[],"class_list":{"0":"post-1004","1":"product","2":"type-product","3":"status-publish","4":"has-post-thumbnail","6":"product_cat-pdf","7":"desktop-align-left","8":"tablet-align-left","9":"mobile-align-left","11":"first","12":"instock","13":"downloadable","14":"virtual","15":"purchasable","16":"product-type-simple"},"yoast_head":"<!-- This site is optimized with the Yoast SEO plugin v24.3 - https:\/\/yoast.com\/wordpress\/plugins\/seo\/ -->\n<title>A Dreadful Journey \u2013 Extension pour Vault of the Nameless - Obsidian Chronicles<\/title>\n<meta name=\"robots\" content=\"index, follow, max-snippet:-1, max-image-preview:large, max-video-preview:-1\" \/>\n<link rel=\"canonical\" href=\"https:\/\/obsidianchronicles.com\/?product=pdf-a-dreadful-journey-extension-pour-vault-of-the-nameless\" \/>\n<meta property=\"og:locale\" content=\"fr_FR\" \/>\n<meta property=\"og:type\" content=\"article\" \/>\n<meta property=\"og:title\" content=\"A Dreadful Journey \u2013 Extension pour Vault of the Nameless - Obsidian Chronicles\" \/>\n<meta property=\"og:description\" content=\"Plongez dans de nouvelles aventures dans cette premi\u00e8re extension pour Vault of the Nameless ! Dans A dreadful journey, vous jouerez une campagne divis\u00e9e en dix sc\u00e9narios originaux et \u00e0 la difficult\u00e9 variable. Elle vous emm\u00e8nera \u00e0 travers plusieurs r\u00e9gions de Morneterre et mettra votre compagnie d\u2019aventuriers \u00e0 rude \u00e9preuve, mais \u00e9galement vos choix personnels.   Trois races jouables  Un aventurier l\u00e9gendaire  De nouvelles classes et de nouvelles r\u00e8gles  Quatre nouveaux courants de magie  Un bestiaire de onze cr\u00e9atures diff\u00e9rentes que vous rencontrerez lors de la campagne  Dix sc\u00e9narios narr\u00e9s au travers d\u2019une campagne originale et palpitante  Contient :   1 livre seul de 88 pages de l\u2019extension A Dreadful Journey\u00a0pour\u00a0Vault of the Nameless, au format num\u00e9rique (PDF compress\u00e9)  Les maps de support \u00e0 la campagne de A Dreadful Journey, format num\u00e9rique (PDf compress\u00e9))\" \/>\n<meta property=\"og:url\" content=\"https:\/\/obsidianchronicles.com\/?product=pdf-a-dreadful-journey-extension-pour-vault-of-the-nameless\" \/>\n<meta property=\"og:site_name\" content=\"Obsidian Chronicles\" \/>\n<meta property=\"article:modified_time\" content=\"2025-12-17T08:57:02+00:00\" \/>\n<meta property=\"og:image\" content=\"http:\/\/obsidianchronicles.com\/wp-content\/uploads\/2025\/04\/Capture-decran-2025-04-04-085821.png\" \/>\n\t<meta property=\"og:image:width\" content=\"505\" \/>\n\t<meta property=\"og:image:height\" content=\"719\" \/>\n\t<meta property=\"og:image:type\" content=\"image\/png\" \/>\n<meta name=\"twitter:card\" content=\"summary_large_image\" \/>\n<meta name=\"twitter:label1\" content=\"Dur\u00e9e de lecture estim\u00e9e\" \/>\n\t<meta name=\"twitter:data1\" content=\"3 minutes\" \/>\n<script type=\"application\/ld+json\" class=\"yoast-schema-graph\">{\"@context\":\"https:\/\/schema.org\",\"@graph\":[{\"@type\":\"WebPage\",\"@id\":\"https:\/\/obsidianchronicles.com\/?product=pdf-a-dreadful-journey-extension-pour-vault-of-the-nameless\",\"url\":\"https:\/\/obsidianchronicles.com\/?product=pdf-a-dreadful-journey-extension-pour-vault-of-the-nameless\",\"name\":\"A Dreadful Journey \u2013 Extension pour Vault of the Nameless - Obsidian Chronicles\",\"isPartOf\":{\"@id\":\"https:\/\/obsidianchronicles.com\/#website\"},\"primaryImageOfPage\":{\"@id\":\"https:\/\/obsidianchronicles.com\/?product=pdf-a-dreadful-journey-extension-pour-vault-of-the-nameless#primaryimage\"},\"image\":{\"@id\":\"https:\/\/obsidianchronicles.com\/?product=pdf-a-dreadful-journey-extension-pour-vault-of-the-nameless#primaryimage\"},\"thumbnailUrl\":\"https:\/\/obsidianchronicles.com\/wp-content\/uploads\/2025\/04\/Capture-decran-2025-04-04-085821.png\",\"datePublished\":\"2025-12-05T07:51:15+00:00\",\"dateModified\":\"2025-12-17T08:57:02+00:00\",\"breadcrumb\":{\"@id\":\"https:\/\/obsidianchronicles.com\/?product=pdf-a-dreadful-journey-extension-pour-vault-of-the-nameless#breadcrumb\"},\"inLanguage\":\"fr-FR\",\"potentialAction\":[{\"@type\":\"ReadAction\",\"target\":[\"https:\/\/obsidianchronicles.com\/?product=pdf-a-dreadful-journey-extension-pour-vault-of-the-nameless\"]}]},{\"@type\":\"ImageObject\",\"inLanguage\":\"fr-FR\",\"@id\":\"https:\/\/obsidianchronicles.com\/?product=pdf-a-dreadful-journey-extension-pour-vault-of-the-nameless#primaryimage\",\"url\":\"https:\/\/obsidianchronicles.com\/wp-content\/uploads\/2025\/04\/Capture-decran-2025-04-04-085821.png\",\"contentUrl\":\"https:\/\/obsidianchronicles.com\/wp-content\/uploads\/2025\/04\/Capture-decran-2025-04-04-085821.png\",\"width\":505,\"height\":719},{\"@type\":\"BreadcrumbList\",\"@id\":\"https:\/\/obsidianchronicles.com\/?product=pdf-a-dreadful-journey-extension-pour-vault-of-the-nameless#breadcrumb\",\"itemListElement\":[{\"@type\":\"ListItem\",\"position\":1,\"name\":\"Accueil\",\"item\":\"https:\/\/obsidianchronicles.com\/\"},{\"@type\":\"ListItem\",\"position\":2,\"name\":\"Shop\",\"item\":\"https:\/\/obsidianchronicles.com\/?page_id=252\"},{\"@type\":\"ListItem\",\"position\":3,\"name\":\"A Dreadful Journey \u2013 Extension pour Vault of the Nameless\"}]},{\"@type\":\"WebSite\",\"@id\":\"https:\/\/obsidianchronicles.com\/#website\",\"url\":\"https:\/\/obsidianchronicles.com\/\",\"name\":\"Obsidian Chronicles\",\"description\":\"\",\"publisher\":{\"@id\":\"https:\/\/obsidianchronicles.com\/#organization\"},\"potentialAction\":[{\"@type\":\"SearchAction\",\"target\":{\"@type\":\"EntryPoint\",\"urlTemplate\":\"https:\/\/obsidianchronicles.com\/?s={search_term_string}\"},\"query-input\":{\"@type\":\"PropertyValueSpecification\",\"valueRequired\":true,\"valueName\":\"search_term_string\"}}],\"inLanguage\":\"fr-FR\"},{\"@type\":\"Organization\",\"@id\":\"https:\/\/obsidianchronicles.com\/#organization\",\"name\":\"Obsidian Chronicles\",\"url\":\"https:\/\/obsidianchronicles.com\/\",\"logo\":{\"@type\":\"ImageObject\",\"inLanguage\":\"fr-FR\",\"@id\":\"https:\/\/obsidianchronicles.com\/#\/schema\/logo\/image\/\",\"url\":\"https:\/\/obsidianchronicles.com\/wp-content\/uploads\/2025\/02\/300-dpi-png.png\",\"contentUrl\":\"https:\/\/obsidianchronicles.com\/wp-content\/uploads\/2025\/02\/300-dpi-png.png\",\"width\":2500,\"height\":2500,\"caption\":\"Obsidian Chronicles\"},\"image\":{\"@id\":\"https:\/\/obsidianchronicles.com\/#\/schema\/logo\/image\/\"}}]}<\/script>\n<!-- \/ Yoast SEO plugin. -->","yoast_head_json":{"title":"A Dreadful Journey \u2013 Extension pour Vault of the Nameless - Obsidian Chronicles","robots":{"index":"index","follow":"follow","max-snippet":"max-snippet:-1","max-image-preview":"max-image-preview:large","max-video-preview":"max-video-preview:-1"},"canonical":"https:\/\/obsidianchronicles.com\/?product=pdf-a-dreadful-journey-extension-pour-vault-of-the-nameless","og_locale":"fr_FR","og_type":"article","og_title":"A Dreadful Journey \u2013 Extension pour Vault of the Nameless - Obsidian Chronicles","og_description":"Plongez dans de nouvelles aventures dans cette premi\u00e8re extension pour Vault of the Nameless ! Dans A dreadful journey, vous jouerez une campagne divis\u00e9e en dix sc\u00e9narios originaux et \u00e0 la difficult\u00e9 variable. Elle vous emm\u00e8nera \u00e0 travers plusieurs r\u00e9gions de Morneterre et mettra votre compagnie d\u2019aventuriers \u00e0 rude \u00e9preuve, mais \u00e9galement vos choix personnels.   Trois races jouables  Un aventurier l\u00e9gendaire  De nouvelles classes et de nouvelles r\u00e8gles  Quatre nouveaux courants de magie  Un bestiaire de onze cr\u00e9atures diff\u00e9rentes que vous rencontrerez lors de la campagne  Dix sc\u00e9narios narr\u00e9s au travers d\u2019une campagne originale et palpitante  Contient :   1 livre seul de 88 pages de l\u2019extension A Dreadful Journey\u00a0pour\u00a0Vault of the Nameless, au format num\u00e9rique (PDF compress\u00e9)  Les maps de support \u00e0 la campagne de A Dreadful Journey, format num\u00e9rique (PDf compress\u00e9))","og_url":"https:\/\/obsidianchronicles.com\/?product=pdf-a-dreadful-journey-extension-pour-vault-of-the-nameless","og_site_name":"Obsidian Chronicles","article_modified_time":"2025-12-17T08:57:02+00:00","og_image":[{"width":505,"height":719,"url":"http:\/\/obsidianchronicles.com\/wp-content\/uploads\/2025\/04\/Capture-decran-2025-04-04-085821.png","type":"image\/png"}],"twitter_card":"summary_large_image","twitter_misc":{"Dur\u00e9e de lecture estim\u00e9e":"3 minutes"},"schema":{"@context":"https:\/\/schema.org","@graph":[{"@type":"WebPage","@id":"https:\/\/obsidianchronicles.com\/?product=pdf-a-dreadful-journey-extension-pour-vault-of-the-nameless","url":"https:\/\/obsidianchronicles.com\/?product=pdf-a-dreadful-journey-extension-pour-vault-of-the-nameless","name":"A Dreadful Journey \u2013 Extension pour Vault of the Nameless - Obsidian Chronicles","isPartOf":{"@id":"https:\/\/obsidianchronicles.com\/#website"},"primaryImageOfPage":{"@id":"https:\/\/obsidianchronicles.com\/?product=pdf-a-dreadful-journey-extension-pour-vault-of-the-nameless#primaryimage"},"image":{"@id":"https:\/\/obsidianchronicles.com\/?product=pdf-a-dreadful-journey-extension-pour-vault-of-the-nameless#primaryimage"},"thumbnailUrl":"https:\/\/obsidianchronicles.com\/wp-content\/uploads\/2025\/04\/Capture-decran-2025-04-04-085821.png","datePublished":"2025-12-05T07:51:15+00:00","dateModified":"2025-12-17T08:57:02+00:00","breadcrumb":{"@id":"https:\/\/obsidianchronicles.com\/?product=pdf-a-dreadful-journey-extension-pour-vault-of-the-nameless#breadcrumb"},"inLanguage":"fr-FR","potentialAction":[{"@type":"ReadAction","target":["https:\/\/obsidianchronicles.com\/?product=pdf-a-dreadful-journey-extension-pour-vault-of-the-nameless"]}]},{"@type":"ImageObject","inLanguage":"fr-FR","@id":"https:\/\/obsidianchronicles.com\/?product=pdf-a-dreadful-journey-extension-pour-vault-of-the-nameless#primaryimage","url":"https:\/\/obsidianchronicles.com\/wp-content\/uploads\/2025\/04\/Capture-decran-2025-04-04-085821.png","contentUrl":"https:\/\/obsidianchronicles.com\/wp-content\/uploads\/2025\/04\/Capture-decran-2025-04-04-085821.png","width":505,"height":719},{"@type":"BreadcrumbList","@id":"https:\/\/obsidianchronicles.com\/?product=pdf-a-dreadful-journey-extension-pour-vault-of-the-nameless#breadcrumb","itemListElement":[{"@type":"ListItem","position":1,"name":"Accueil","item":"https:\/\/obsidianchronicles.com\/"},{"@type":"ListItem","position":2,"name":"Shop","item":"https:\/\/obsidianchronicles.com\/?page_id=252"},{"@type":"ListItem","position":3,"name":"A Dreadful Journey \u2013 Extension pour Vault of the Nameless"}]},{"@type":"WebSite","@id":"https:\/\/obsidianchronicles.com\/#website","url":"https:\/\/obsidianchronicles.com\/","name":"Obsidian Chronicles","description":"","publisher":{"@id":"https:\/\/obsidianchronicles.com\/#organization"},"potentialAction":[{"@type":"SearchAction","target":{"@type":"EntryPoint","urlTemplate":"https:\/\/obsidianchronicles.com\/?s={search_term_string}"},"query-input":{"@type":"PropertyValueSpecification","valueRequired":true,"valueName":"search_term_string"}}],"inLanguage":"fr-FR"},{"@type":"Organization","@id":"https:\/\/obsidianchronicles.com\/#organization","name":"Obsidian Chronicles","url":"https:\/\/obsidianchronicles.com\/","logo":{"@type":"ImageObject","inLanguage":"fr-FR","@id":"https:\/\/obsidianchronicles.com\/#\/schema\/logo\/image\/","url":"https:\/\/obsidianchronicles.com\/wp-content\/uploads\/2025\/02\/300-dpi-png.png","contentUrl":"https:\/\/obsidianchronicles.com\/wp-content\/uploads\/2025\/02\/300-dpi-png.png","width":2500,"height":2500,"caption":"Obsidian Chronicles"},"image":{"@id":"https:\/\/obsidianchronicles.com\/#\/schema\/logo\/image\/"}}]}},"jetpack_sharing_enabled":true,"_links":{"self":[{"href":"https:\/\/obsidianchronicles.com\/index.php?rest_route=\/wp\/v2\/product\/1004","targetHints":{"allow":["GET"]}}],"collection":[{"href":"https:\/\/obsidianchronicles.com\/index.php?rest_route=\/wp\/v2\/product"}],"about":[{"href":"https:\/\/obsidianchronicles.com\/index.php?rest_route=\/wp\/v2\/types\/product"}],"replies":[{"embeddable":true,"href":"https:\/\/obsidianchronicles.com\/index.php?rest_route=%2Fwp%2Fv2%2Fcomments&post=1004"}],"wp:featuredmedia":[{"embeddable":true,"href":"https:\/\/obsidianchronicles.com\/index.php?rest_route=\/wp\/v2\/media\/792"}],"wp:attachment":[{"href":"https:\/\/obsidianchronicles.com\/index.php?rest_route=%2Fwp%2Fv2%2Fmedia&parent=1004"}],"wp:term":[{"taxonomy":"product_brand","embeddable":true,"href":"https:\/\/obsidianchronicles.com\/index.php?rest_route=%2Fwp%2Fv2%2Fproduct_brand&post=1004"},{"taxonomy":"product_cat","embeddable":true,"href":"https:\/\/obsidianchronicles.com\/index.php?rest_route=%2Fwp%2Fv2%2Fproduct_cat&post=1004"},{"taxonomy":"product_tag","embeddable":true,"href":"https:\/\/obsidianchronicles.com\/index.php?rest_route=%2Fwp%2Fv2%2Fproduct_tag&post=1004"}],"curies":[{"name":"wp","href":"https:\/\/api.w.org\/{rel}","templated":true}]}}