{"id":1119,"date":"2026-04-03T10:26:54","date_gmt":"2026-04-03T08:26:54","guid":{"rendered":"https:\/\/obsidianchronicles.com\/?post_type=product&#038;p=1119"},"modified":"2026-04-03T10:42:43","modified_gmt":"2026-04-03T08:42:43","slug":"myxigoroth","status":"publish","type":"product","link":"https:\/\/obsidianchronicles.com\/?product=myxigoroth","title":{"rendered":"Myxigoroth"},"content":{"rendered":"<p data-start=\"396\" data-end=\"741\">Myxigoroth est une entit\u00e9 puissante et oubli\u00e9e, tapit dans les profondeurs de la for\u00eat fongique. Il est l\u2019un des antagonistes principaux dans la campagne de\u00a0<strong>A Dreadful Journey<\/strong>, la premi\u00e8re extension pour\u00a0<strong>Vault of the Nameless<\/strong>.<\/p>\n<p data-start=\"1395\" data-end=\"1419\"><strong>Utilisation en jeu<\/strong><\/p>\n<p data-start=\"1420\" data-end=\"1652\"><img decoding=\"async\" class=\"emoji\" role=\"img\" draggable=\"false\" src=\"https:\/\/s.w.org\/images\/core\/emoji\/17.0.2\/svg\/2714.svg\" alt=\"\u2714\" \/>\u00a0Compatible avec\u00a0<strong data-start=\"1438\" data-end=\"1463\">Vault of the Nameless<\/strong>\u00a0et l\u2019extension\u00a0<strong>A Dreadful Journey<\/strong><\/p>\n<p data-start=\"1654\" data-end=\"1833\">Cette figurine est con\u00e7ue pour s\u2019int\u00e9grer naturellement \u00e0 l\u2019univers\u00a0<strong data-start=\"1722\" data-end=\"1738\">dark fantasy<\/strong>\u00a0de Morneterre, mais convient parfaitement \u00e0 tout\u00a0<strong data-start=\"1788\" data-end=\"1832\">dungeon crawler, jeu de figurines ou JdR<\/strong>.<\/p>\n<p data-start=\"1654\" data-end=\"1833\">Figurine vendu non peinte et non assembl\u00e9e si elle requiert de l&rsquo;assemblage. Figurine imprim\u00e9e en 3D 12k, en r\u00e9sine ABS-like pour une solidit\u00e9 accrue et des d\u00e9tails am\u00e9lior\u00e9s. Figurine \u00e0 l&rsquo;\u00e9chelle 28-32mm.<\/p>\n","protected":false},"excerpt":{"rendered":"<p data-start=\"396\" data-end=\"741\">Myxigoroth est une entit\u00e9 puissante et oubli\u00e9e, tapit dans les profondeurs de la for\u00eat fongique. Il est l\u2019un des antagonistes principaux dans la campagne de\u00a0<strong>A Dreadful Journey<\/strong>, la premi\u00e8re extension pour\u00a0<strong>Vault of the Nameless<\/strong>.<\/p>\n<p data-start=\"1395\" data-end=\"1419\"><strong>Utilisation en jeu<\/strong><\/p>\n<p data-start=\"1420\" data-end=\"1652\"><img decoding=\"async\" class=\"emoji\" role=\"img\" draggable=\"false\" src=\"https:\/\/s.w.org\/images\/core\/emoji\/17.0.2\/svg\/2714.svg\" alt=\"\u2714\" \/>\u00a0Compatible avec\u00a0<strong data-start=\"1438\" data-end=\"1463\">Vault of the Nameless<\/strong>\u00a0et l\u2019extension\u00a0<strong>A Dreadful Journey<\/strong><\/p>\n<p data-start=\"1654\" data-end=\"1833\">Cette figurine est con\u00e7ue pour s\u2019int\u00e9grer naturellement \u00e0 l\u2019univers\u00a0<strong data-start=\"1722\" data-end=\"1738\">dark fantasy<\/strong>\u00a0de Morneterre, mais convient parfaitement \u00e0 tout\u00a0<strong data-start=\"1788\" data-end=\"1832\">dungeon crawler, jeu de figurines ou JdR<\/strong>.<\/p>\n<p data-start=\"1654\" data-end=\"1833\">Figurine vendu non peinte et non assembl\u00e9e si elle requiert de l&rsquo;assemblage. Figurine imprim\u00e9e en 3D 12k, en r\u00e9sine ABS-like pour une solidit\u00e9 accrue et des d\u00e9tails am\u00e9lior\u00e9s. Figurine \u00e0 l&rsquo;\u00e9chelle 28-32mm.<\/p>\n","protected":false},"featured_media":1120,"comment_status":"open","ping_status":"closed","template":"","meta":{"site-sidebar-layout":"default","site-content-layout":"","ast-site-content-layout":"default","site-content-style":"default","site-sidebar-style":"default","ast-global-header-display":"","ast-banner-title-visibility":"","ast-main-header-display":"","ast-hfb-above-header-display":"","ast-hfb-below-header-display":"","ast-hfb-mobile-header-display":"","site-post-title":"","ast-breadcrumbs-content":"","ast-featured-img":"","footer-sml-layout":"","theme-transparent-header-meta":"default","adv-header-id-meta":"","stick-header-meta":"","header-above-stick-meta":"","header-main-stick-meta":"","header-below-stick-meta":"","astra-migrate-meta-layouts":"set","ast-page-background-enabled":"default","ast-page-background-meta":{"desktop":{"background-color":"var(--ast-global-color-5)","background-image":"","background-repeat":"repeat","background-position":"center center","background-size":"auto","background-attachment":"scroll","background-type":"","background-media":"","overlay-type":"","overlay-color":"","overlay-opacity":"","overlay-gradient":""},"tablet":{"background-color":"","background-image":"","background-repeat":"repeat","background-position":"center center","background-size":"auto","background-attachment":"scroll","background-type":"","background-media":"","overlay-type":"","overlay-color":"","overlay-opacity":"","overlay-gradient":""},"mobile":{"background-color":"","background-image":"","background-repeat":"repeat","background-position":"center center","background-size":"auto","background-attachment":"scroll","background-type":"","background-media":"","overlay-type":"","overlay-color":"","overlay-opacity":"","overlay-gradient":""}},"ast-content-background-meta":{"desktop":{"background-color":"var(--ast-global-color-4)","background-image":"","background-repeat":"repeat","background-position":"center center","background-size":"auto","background-attachment":"scroll","background-type":"","background-media":"","overlay-type":"","overlay-color":"","overlay-opacity":"","overlay-gradient":""},"tablet":{"background-color":"var(--ast-global-color-4)","background-image":"","background-repeat":"repeat","background-position":"center center","background-size":"auto","background-attachment":"scroll","background-type":"","background-media":"","overlay-type":"","overlay-color":"","overlay-opacity":"","overlay-gradient":""},"mobile":{"background-color":"var(--ast-global-color-4)","background-image":"","background-repeat":"repeat","background-position":"center center","background-size":"auto","background-attachment":"scroll","background-type":"","background-media":"","overlay-type":"","overlay-color":"","overlay-opacity":"","overlay-gradient":""}},"_themeisle_gutenberg_block_has_review":false},"product_brand":[38],"product_cat":[44],"product_tag":[],"class_list":{"0":"post-1119","1":"product","2":"type-product","3":"status-publish","4":"has-post-thumbnail","6":"product_brand-obsidian-chronicles","7":"product_cat-figurines","8":"desktop-align-left","9":"tablet-align-left","10":"mobile-align-left","12":"first","13":"instock","14":"shipping-taxable","15":"purchasable","16":"product-type-simple"},"yoast_head":"<!-- This site is optimized with the Yoast SEO plugin v24.3 - https:\/\/yoast.com\/wordpress\/plugins\/seo\/ -->\n<title>Myxigoroth - Obsidian Chronicles<\/title>\n<meta name=\"robots\" content=\"index, follow, max-snippet:-1, max-image-preview:large, max-video-preview:-1\" \/>\n<link rel=\"canonical\" href=\"https:\/\/obsidianchronicles.com\/?product=myxigoroth\" \/>\n<meta property=\"og:locale\" content=\"fr_FR\" \/>\n<meta property=\"og:type\" content=\"article\" \/>\n<meta property=\"og:title\" content=\"Myxigoroth - Obsidian Chronicles\" \/>\n<meta property=\"og:description\" content=\"Myxigoroth est une entit\u00e9 puissante et oubli\u00e9e, tapit dans les profondeurs de la for\u00eat fongique. Il est l\u2019un des antagonistes principaux dans la campagne de\u00a0A Dreadful Journey, la premi\u00e8re extension pour\u00a0Vault of the Nameless. Utilisation en jeu \u00a0Compatible avec\u00a0Vault of the Nameless\u00a0et l\u2019extension\u00a0A Dreadful Journey Cette figurine est con\u00e7ue pour s\u2019int\u00e9grer naturellement \u00e0 l\u2019univers\u00a0dark fantasy\u00a0de Morneterre, mais convient parfaitement \u00e0 tout\u00a0dungeon crawler, jeu de figurines ou JdR. Figurine vendu non peinte et non assembl\u00e9e si elle requiert de l&#039;assemblage. Figurine imprim\u00e9e en 3D 12k, en r\u00e9sine ABS-like pour une solidit\u00e9 accrue et des d\u00e9tails am\u00e9lior\u00e9s. Figurine \u00e0 l&#039;\u00e9chelle 28-32mm.\" \/>\n<meta property=\"og:url\" content=\"https:\/\/obsidianchronicles.com\/?product=myxigoroth\" \/>\n<meta property=\"og:site_name\" content=\"Obsidian Chronicles\" \/>\n<meta property=\"article:modified_time\" content=\"2026-04-03T08:42:43+00:00\" \/>\n<meta property=\"og:image\" content=\"http:\/\/obsidianchronicles.com\/wp-content\/uploads\/2026\/04\/Figurine-Myxigoroth-1-1024x1024.png\" \/>\n\t<meta property=\"og:image:width\" content=\"1024\" \/>\n\t<meta property=\"og:image:height\" content=\"1024\" \/>\n\t<meta property=\"og:image:type\" content=\"image\/png\" \/>\n<meta name=\"twitter:card\" content=\"summary_large_image\" \/>\n<meta name=\"twitter:label1\" content=\"Dur\u00e9e de lecture estim\u00e9e\" \/>\n\t<meta name=\"twitter:data1\" content=\"1 minute\" \/>\n<script type=\"application\/ld+json\" class=\"yoast-schema-graph\">{\"@context\":\"https:\/\/schema.org\",\"@graph\":[{\"@type\":\"WebPage\",\"@id\":\"https:\/\/obsidianchronicles.com\/?product=myxigoroth\",\"url\":\"https:\/\/obsidianchronicles.com\/?product=myxigoroth\",\"name\":\"Myxigoroth - Obsidian Chronicles\",\"isPartOf\":{\"@id\":\"https:\/\/obsidianchronicles.com\/#website\"},\"primaryImageOfPage\":{\"@id\":\"https:\/\/obsidianchronicles.com\/?product=myxigoroth#primaryimage\"},\"image\":{\"@id\":\"https:\/\/obsidianchronicles.com\/?product=myxigoroth#primaryimage\"},\"thumbnailUrl\":\"https:\/\/obsidianchronicles.com\/wp-content\/uploads\/2026\/04\/Figurine-Myxigoroth-1-scaled.png\",\"datePublished\":\"2026-04-03T08:26:54+00:00\",\"dateModified\":\"2026-04-03T08:42:43+00:00\",\"breadcrumb\":{\"@id\":\"https:\/\/obsidianchronicles.com\/?product=myxigoroth#breadcrumb\"},\"inLanguage\":\"fr-FR\",\"potentialAction\":[{\"@type\":\"ReadAction\",\"target\":[\"https:\/\/obsidianchronicles.com\/?product=myxigoroth\"]}]},{\"@type\":\"ImageObject\",\"inLanguage\":\"fr-FR\",\"@id\":\"https:\/\/obsidianchronicles.com\/?product=myxigoroth#primaryimage\",\"url\":\"https:\/\/obsidianchronicles.com\/wp-content\/uploads\/2026\/04\/Figurine-Myxigoroth-1-scaled.png\",\"contentUrl\":\"https:\/\/obsidianchronicles.com\/wp-content\/uploads\/2026\/04\/Figurine-Myxigoroth-1-scaled.png\",\"width\":2560,\"height\":2560},{\"@type\":\"BreadcrumbList\",\"@id\":\"https:\/\/obsidianchronicles.com\/?product=myxigoroth#breadcrumb\",\"itemListElement\":[{\"@type\":\"ListItem\",\"position\":1,\"name\":\"Accueil\",\"item\":\"https:\/\/obsidianchronicles.com\/\"},{\"@type\":\"ListItem\",\"position\":2,\"name\":\"Shop\",\"item\":\"https:\/\/obsidianchronicles.com\/?page_id=252\"},{\"@type\":\"ListItem\",\"position\":3,\"name\":\"Myxigoroth\"}]},{\"@type\":\"WebSite\",\"@id\":\"https:\/\/obsidianchronicles.com\/#website\",\"url\":\"https:\/\/obsidianchronicles.com\/\",\"name\":\"Obsidian Chronicles\",\"description\":\"\",\"publisher\":{\"@id\":\"https:\/\/obsidianchronicles.com\/#organization\"},\"potentialAction\":[{\"@type\":\"SearchAction\",\"target\":{\"@type\":\"EntryPoint\",\"urlTemplate\":\"https:\/\/obsidianchronicles.com\/?s={search_term_string}\"},\"query-input\":{\"@type\":\"PropertyValueSpecification\",\"valueRequired\":true,\"valueName\":\"search_term_string\"}}],\"inLanguage\":\"fr-FR\"},{\"@type\":\"Organization\",\"@id\":\"https:\/\/obsidianchronicles.com\/#organization\",\"name\":\"Obsidian Chronicles\",\"url\":\"https:\/\/obsidianchronicles.com\/\",\"logo\":{\"@type\":\"ImageObject\",\"inLanguage\":\"fr-FR\",\"@id\":\"https:\/\/obsidianchronicles.com\/#\/schema\/logo\/image\/\",\"url\":\"https:\/\/obsidianchronicles.com\/wp-content\/uploads\/2025\/02\/300-dpi-png.png\",\"contentUrl\":\"https:\/\/obsidianchronicles.com\/wp-content\/uploads\/2025\/02\/300-dpi-png.png\",\"width\":2500,\"height\":2500,\"caption\":\"Obsidian Chronicles\"},\"image\":{\"@id\":\"https:\/\/obsidianchronicles.com\/#\/schema\/logo\/image\/\"}}]}<\/script>\n<!-- \/ Yoast SEO plugin. -->","yoast_head_json":{"title":"Myxigoroth - Obsidian Chronicles","robots":{"index":"index","follow":"follow","max-snippet":"max-snippet:-1","max-image-preview":"max-image-preview:large","max-video-preview":"max-video-preview:-1"},"canonical":"https:\/\/obsidianchronicles.com\/?product=myxigoroth","og_locale":"fr_FR","og_type":"article","og_title":"Myxigoroth - Obsidian Chronicles","og_description":"Myxigoroth est une entit\u00e9 puissante et oubli\u00e9e, tapit dans les profondeurs de la for\u00eat fongique. Il est l\u2019un des antagonistes principaux dans la campagne de\u00a0A Dreadful Journey, la premi\u00e8re extension pour\u00a0Vault of the Nameless. Utilisation en jeu \u00a0Compatible avec\u00a0Vault of the Nameless\u00a0et l\u2019extension\u00a0A Dreadful Journey Cette figurine est con\u00e7ue pour s\u2019int\u00e9grer naturellement \u00e0 l\u2019univers\u00a0dark fantasy\u00a0de Morneterre, mais convient parfaitement \u00e0 tout\u00a0dungeon crawler, jeu de figurines ou JdR. Figurine vendu non peinte et non assembl\u00e9e si elle requiert de l'assemblage. Figurine imprim\u00e9e en 3D 12k, en r\u00e9sine ABS-like pour une solidit\u00e9 accrue et des d\u00e9tails am\u00e9lior\u00e9s. Figurine \u00e0 l'\u00e9chelle 28-32mm.","og_url":"https:\/\/obsidianchronicles.com\/?product=myxigoroth","og_site_name":"Obsidian Chronicles","article_modified_time":"2026-04-03T08:42:43+00:00","og_image":[{"width":1024,"height":1024,"url":"http:\/\/obsidianchronicles.com\/wp-content\/uploads\/2026\/04\/Figurine-Myxigoroth-1-1024x1024.png","type":"image\/png"}],"twitter_card":"summary_large_image","twitter_misc":{"Dur\u00e9e de lecture estim\u00e9e":"1 minute"},"schema":{"@context":"https:\/\/schema.org","@graph":[{"@type":"WebPage","@id":"https:\/\/obsidianchronicles.com\/?product=myxigoroth","url":"https:\/\/obsidianchronicles.com\/?product=myxigoroth","name":"Myxigoroth - Obsidian Chronicles","isPartOf":{"@id":"https:\/\/obsidianchronicles.com\/#website"},"primaryImageOfPage":{"@id":"https:\/\/obsidianchronicles.com\/?product=myxigoroth#primaryimage"},"image":{"@id":"https:\/\/obsidianchronicles.com\/?product=myxigoroth#primaryimage"},"thumbnailUrl":"https:\/\/obsidianchronicles.com\/wp-content\/uploads\/2026\/04\/Figurine-Myxigoroth-1-scaled.png","datePublished":"2026-04-03T08:26:54+00:00","dateModified":"2026-04-03T08:42:43+00:00","breadcrumb":{"@id":"https:\/\/obsidianchronicles.com\/?product=myxigoroth#breadcrumb"},"inLanguage":"fr-FR","potentialAction":[{"@type":"ReadAction","target":["https:\/\/obsidianchronicles.com\/?product=myxigoroth"]}]},{"@type":"ImageObject","inLanguage":"fr-FR","@id":"https:\/\/obsidianchronicles.com\/?product=myxigoroth#primaryimage","url":"https:\/\/obsidianchronicles.com\/wp-content\/uploads\/2026\/04\/Figurine-Myxigoroth-1-scaled.png","contentUrl":"https:\/\/obsidianchronicles.com\/wp-content\/uploads\/2026\/04\/Figurine-Myxigoroth-1-scaled.png","width":2560,"height":2560},{"@type":"BreadcrumbList","@id":"https:\/\/obsidianchronicles.com\/?product=myxigoroth#breadcrumb","itemListElement":[{"@type":"ListItem","position":1,"name":"Accueil","item":"https:\/\/obsidianchronicles.com\/"},{"@type":"ListItem","position":2,"name":"Shop","item":"https:\/\/obsidianchronicles.com\/?page_id=252"},{"@type":"ListItem","position":3,"name":"Myxigoroth"}]},{"@type":"WebSite","@id":"https:\/\/obsidianchronicles.com\/#website","url":"https:\/\/obsidianchronicles.com\/","name":"Obsidian Chronicles","description":"","publisher":{"@id":"https:\/\/obsidianchronicles.com\/#organization"},"potentialAction":[{"@type":"SearchAction","target":{"@type":"EntryPoint","urlTemplate":"https:\/\/obsidianchronicles.com\/?s={search_term_string}"},"query-input":{"@type":"PropertyValueSpecification","valueRequired":true,"valueName":"search_term_string"}}],"inLanguage":"fr-FR"},{"@type":"Organization","@id":"https:\/\/obsidianchronicles.com\/#organization","name":"Obsidian Chronicles","url":"https:\/\/obsidianchronicles.com\/","logo":{"@type":"ImageObject","inLanguage":"fr-FR","@id":"https:\/\/obsidianchronicles.com\/#\/schema\/logo\/image\/","url":"https:\/\/obsidianchronicles.com\/wp-content\/uploads\/2025\/02\/300-dpi-png.png","contentUrl":"https:\/\/obsidianchronicles.com\/wp-content\/uploads\/2025\/02\/300-dpi-png.png","width":2500,"height":2500,"caption":"Obsidian Chronicles"},"image":{"@id":"https:\/\/obsidianchronicles.com\/#\/schema\/logo\/image\/"}}]}},"jetpack_sharing_enabled":true,"_links":{"self":[{"href":"https:\/\/obsidianchronicles.com\/index.php?rest_route=\/wp\/v2\/product\/1119","targetHints":{"allow":["GET"]}}],"collection":[{"href":"https:\/\/obsidianchronicles.com\/index.php?rest_route=\/wp\/v2\/product"}],"about":[{"href":"https:\/\/obsidianchronicles.com\/index.php?rest_route=\/wp\/v2\/types\/product"}],"replies":[{"embeddable":true,"href":"https:\/\/obsidianchronicles.com\/index.php?rest_route=%2Fwp%2Fv2%2Fcomments&post=1119"}],"wp:featuredmedia":[{"embeddable":true,"href":"https:\/\/obsidianchronicles.com\/index.php?rest_route=\/wp\/v2\/media\/1120"}],"wp:attachment":[{"href":"https:\/\/obsidianchronicles.com\/index.php?rest_route=%2Fwp%2Fv2%2Fmedia&parent=1119"}],"wp:term":[{"taxonomy":"product_brand","embeddable":true,"href":"https:\/\/obsidianchronicles.com\/index.php?rest_route=%2Fwp%2Fv2%2Fproduct_brand&post=1119"},{"taxonomy":"product_cat","embeddable":true,"href":"https:\/\/obsidianchronicles.com\/index.php?rest_route=%2Fwp%2Fv2%2Fproduct_cat&post=1119"},{"taxonomy":"product_tag","embeddable":true,"href":"https:\/\/obsidianchronicles.com\/index.php?rest_route=%2Fwp%2Fv2%2Fproduct_tag&post=1119"}],"curies":[{"name":"wp","href":"https:\/\/api.w.org\/{rel}","templated":true}]}}