{"id":963,"date":"2025-11-12T11:27:42","date_gmt":"2025-11-12T10:27:42","guid":{"rendered":"https:\/\/obsidianchronicles.com\/?post_type=product&#038;p=963"},"modified":"2025-11-27T15:18:59","modified_gmt":"2025-11-27T14:18:59","slug":"boite-de-demarrage-vault-of-the-nameless","status":"publish","type":"product","link":"https:\/\/obsidianchronicles.com\/?product=boite-de-demarrage-vault-of-the-nameless","title":{"rendered":"Bo\u00eete de d\u00e9marrage Vault of the Nameless"},"content":{"rendered":"<p>Vous avez envie de jouer une partie, mais aucun de vos proches n\u2019est disponible ou motiv\u00e9 ? Vault of the Nameless est pens\u00e9 pour vous.<br \/>\nVault of the Nameless est notre Dungeon Crawler pour joueur solo !<br \/>\nIl propose aux joueurs des parties toutes aussi riches et originales que lors de sessions de jeux \u00e0 plusieurs. Vous dirigez votre compagnie d\u2019aventuriers et traversez un donjon g\u00e9n\u00e9r\u00e9 proc\u00e9duralement ET al\u00e9atoirement, et affrontez des ennemis au comportement intuitif.<\/p>\n<p>Plongez dans un monde o\u00f9 myst\u00e8res insondables et dangers sans nom vous attendent \u00e0 chaque coin d\u2019ombre. Vault of the Nameless, le nouveau dungeon crawler en solo, red\u00e9finit ce que signifie partir seul \u00e0 l\u2019aventure gr\u00e2ce \u00e0 son moteur de jeu unique et original.<\/p>\n<p><strong>Un donjon toujours nouveau<\/strong><\/p>\n<p>Chaque session est une exp\u00e9rience unique gr\u00e2ce \u00e0 la g\u00e9n\u00e9ration proc\u00e9durale du donjon. Aucun couloir, aucune salle, ni aucun pi\u00e8ge ne sera jamais identique d\u2019une partie \u00e0 l\u2019autre. Chaque recoin du donjon est une surprise, con\u00e7u pour tester votre strat\u00e9gie et votre cr\u00e9ativit\u00e9. Mais ce n\u2019est pas tout : les adversaires que vous affrontez ne se contentent pas de suivre des patterns rigides. Leur comportement dynamique et impr\u00e9visible s\u2019adapte \u00e0 vos actions, vous obligeant \u00e0 toujours repenser vos plans.<\/p>\n<p><strong>Hasard et d\u00e9cisions<\/strong><\/p>\n<p>\u00c0 la base de Vault of the Nameless, un syst\u00e8me bas\u00e9 sur le l\u00e9gendaire d\u00e9 \u00e0 20 faces. Chaque action comme attaquer, utiliser la magie ou d\u00e9tecter des pi\u00e8ges repose sur une combinaison de vos d\u00e9cisions strat\u00e9giques et du hasard des d\u00e9s. Ce m\u00e9lange garantit une tension constante, o\u00f9 chaque jet peut transformer une situation d\u00e9sesp\u00e9r\u00e9e en triomphe\u2026 ou vous plonger plus profond\u00e9ment dans l\u2019obscurit\u00e9.<\/p>\n<p><strong>Une aventure solo \u00e9pique<\/strong><\/p>\n<p>Jouer seul n\u2019a jamais \u00e9t\u00e9 aussi captivant. Gr\u00e2ce \u00e0 un r\u00e9cit immersif et un gameplay con\u00e7u pour offrir des moments dignes d\u2019une aventure coop\u00e9rative, Vault of the Nameless vous met au centre de l\u2019histoire. Vous incarnez une compagnie de h\u00e9ros, ou d\u2019antih\u00e9ros si vous le d\u00e9sirez, et chaque choix que vous faites fa\u00e7onne votre l\u00e9gende. Vous ressentez l\u2019excitation des victoires partag\u00e9es et la tension des \u00e9checs critiques, mais cette fois, toute la gloire (ou la d\u00e9faite) vous appartient.<\/p>\n<p><strong>Pourquoi choisir Vault of the Nameless ?<\/strong><\/p>\n<ul>\n<li>Exploration infinie : Des centaines de combinaisons de donjons pour une rejouabilit\u00e9 sans fin.<\/li>\n<li>Intelligence artificielle avanc\u00e9e : Des ennemis qui r\u00e9agissent intelligemment \u00e0 vos tactiques.<\/li>\n<li>Tension \u00e0 chaque instant : Des jets de d\u00e8s qui rendent chaque d\u00e9cision cruciale.<\/li>\n<li>Accessibilit\u00e9 totale : Facile \u00e0 prendre en main, mais avec une profondeur strat\u00e9gique qui s\u00e9duira les joueurs les plus aguerris.<\/li>\n<li>Sc\u00e9narios et campagnes : Des sc\u00e9narios pr\u00e9d\u00e9finis pour jouer rapidement, et des sc\u00e9narios tr\u00e8s sp\u00e9cifiques pour vous confronter \u00e0 des biomes de donjons uniques.<\/li>\n<li>Contenu adaptatif : un gros volume de contenu pour s\u2019adapter \u00e0 votre collection de figurines et de d\u00e9cors, pas besoin de nouveau mat\u00e9riel si vous ne le souhaitez pas.<\/li>\n<\/ul>\n<p><strong>Entrez dans la l\u00e9gende\u2026 si vous l\u2019osez<\/strong><\/p>\n<p>Que vous soyez un aventurier chevronn\u00e9 ou un n\u00e9ophyte des donjons, Vault of the Nameless vous garantit une exp\u00e9rience solo palpitante, riche en surprises et en d\u00e9fis. La question n\u2019est pas si vous survivrez au donjon, mais \u00e0 quel point vous laisserez votre empreinte dans ses sombres couloirs.<\/p>\n<p>Votre l\u00e9gende vous attend.<\/p>\n","protected":false},"excerpt":{"rendered":"<p>Commencez \u00e0 jouer m\u00eame sans collection de figurines ou d\u00e9cors avec la bo\u00eete de d\u00e9marrage Vault of the Nameless !<\/p>\n<p>Vault of the Nameless est notre Dungeon Crawler pour joueur solo !<br \/>\nLe livre de r\u00e8gles de 132 pages contient tout ce qu\u2019il vous faut pour jouer rapidement. Notamment les r\u00e8gles de base, les r\u00e8gles avanc\u00e9es, les races jouables, les classes des personnages, et tout ce qui sera utile pour s\u2019adapter \u00e0 votre collection de figurines. Il contient \u00e9galement des sc\u00e9narios et des r\u00e9cits pour jouer en \u00e9tant immerg\u00e9 dans le monde de Morneterre.<\/p>\n<ul>\n<li>Exploration infinie : Des centaines de combinaisons de donjons pour une rejouabilit\u00e9 sans fin.<\/li>\n<li>Intelligence artificielle avanc\u00e9e : Des ennemis qui r\u00e9agissent intelligemment \u00e0 vos tactiques.<\/li>\n<li>Tension \u00e0 chaque instant : Des jets de d\u00e8s qui rendent chaque d\u00e9cision cruciale.<\/li>\n<li>Accessibilit\u00e9 totale : Facile \u00e0 prendre en main, mais avec une profondeur strat\u00e9gique qui s\u00e9duira les joueurs les plus aguerris.<\/li>\n<li>Sc\u00e9narios et campagnes : Des sc\u00e9narios pr\u00e9d\u00e9finis pour jouer rapidement, et des sc\u00e9narios tr\u00e8s sp\u00e9cifiques pour vous confronter \u00e0 des biomes de donjons uniques.<\/li>\n<li>Contenu adaptatif : un gros volume de contenu pour s\u2019adapter \u00e0 votre collection de figurines et de d\u00e9cors, pas besoin de nouveau mat\u00e9riel si vous ne le souhaitez pas.<\/li>\n<\/ul>\n<p>Contient :<\/p>\n<ul>\n<li>1 livre de r\u00e8gles de base de 132 pages de <strong>Vault of the Nameless<\/strong><\/li>\n<li>1 donjon modulable complet comprenant des murs, des portes, des alc\u00f4ves, des caisses de bois et des tonneaux<\/li>\n<li>5 figurines en r\u00e9sine pour votre compagnie de h\u00e9ros dont un nain, un humain, un elfe, une humaine et un satyre<\/li>\n<li>6 figurines en r\u00e9sine pour vos premiers opposants dont 4 gnolls et 2 familiers<\/li>\n<li>1 d\u00e9 \u00e0 10 faces (couleur al\u00e9atoire)<\/li>\n<li>1 d\u00e9 \u00e0 20 faces (couleur al\u00e9atoire)<\/li>\n<\/ul>\n","protected":false},"featured_media":978,"comment_status":"closed","ping_status":"closed","template":"","meta":{"site-sidebar-layout":"default","site-content-layout":"","ast-site-content-layout":"default","site-content-style":"default","site-sidebar-style":"default","ast-global-header-display":"","ast-banner-title-visibility":"","ast-main-header-display":"","ast-hfb-above-header-display":"","ast-hfb-below-header-display":"","ast-hfb-mobile-header-display":"","site-post-title":"","ast-breadcrumbs-content":"","ast-featured-img":"","footer-sml-layout":"","theme-transparent-header-meta":"default","adv-header-id-meta":"","stick-header-meta":"","header-above-stick-meta":"","header-main-stick-meta":"","header-below-stick-meta":"","astra-migrate-meta-layouts":"set","ast-page-background-enabled":"default","ast-page-background-meta":{"desktop":{"background-color":"var(--ast-global-color-5)","background-image":"","background-repeat":"repeat","background-position":"center center","background-size":"auto","background-attachment":"scroll","background-type":"","background-media":"","overlay-type":"","overlay-color":"","overlay-opacity":"","overlay-gradient":""},"tablet":{"background-color":"","background-image":"","background-repeat":"repeat","background-position":"center center","background-size":"auto","background-attachment":"scroll","background-type":"","background-media":"","overlay-type":"","overlay-color":"","overlay-opacity":"","overlay-gradient":""},"mobile":{"background-color":"","background-image":"","background-repeat":"repeat","background-position":"center center","background-size":"auto","background-attachment":"scroll","background-type":"","background-media":"","overlay-type":"","overlay-color":"","overlay-opacity":"","overlay-gradient":""}},"ast-content-background-meta":{"desktop":{"background-color":"var(--ast-global-color-4)","background-image":"","background-repeat":"repeat","background-position":"center center","background-size":"auto","background-attachment":"scroll","background-type":"","background-media":"","overlay-type":"","overlay-color":"","overlay-opacity":"","overlay-gradient":""},"tablet":{"background-color":"var(--ast-global-color-4)","background-image":"","background-repeat":"repeat","background-position":"center center","background-size":"auto","background-attachment":"scroll","background-type":"","background-media":"","overlay-type":"","overlay-color":"","overlay-opacity":"","overlay-gradient":""},"mobile":{"background-color":"var(--ast-global-color-4)","background-image":"","background-repeat":"repeat","background-position":"center center","background-size":"auto","background-attachment":"scroll","background-type":"","background-media":"","overlay-type":"","overlay-color":"","overlay-opacity":"","overlay-gradient":""}},"_themeisle_gutenberg_block_has_review":false},"product_brand":[],"product_cat":[42],"product_tag":[],"class_list":{"0":"post-963","1":"product","2":"type-product","3":"status-publish","4":"has-post-thumbnail","6":"product_cat-vault-of-the-nameless","7":"desktop-align-left","8":"tablet-align-left","9":"mobile-align-left","11":"first","12":"instock","13":"shipping-taxable","14":"purchasable","15":"product-type-simple"},"yoast_head":"<!-- This site is optimized with the Yoast SEO plugin v24.3 - https:\/\/yoast.com\/wordpress\/plugins\/seo\/ -->\n<title>Bo\u00eete de d\u00e9marrage Vault of the Nameless - Obsidian Chronicles<\/title>\n<meta name=\"robots\" content=\"index, follow, max-snippet:-1, max-image-preview:large, max-video-preview:-1\" \/>\n<link rel=\"canonical\" href=\"https:\/\/obsidianchronicles.com\/?product=boite-de-demarrage-vault-of-the-nameless\" \/>\n<meta property=\"og:locale\" content=\"fr_FR\" \/>\n<meta property=\"og:type\" content=\"article\" \/>\n<meta property=\"og:title\" content=\"Bo\u00eete de d\u00e9marrage Vault of the Nameless - Obsidian Chronicles\" \/>\n<meta property=\"og:description\" content=\"Commencez \u00e0 jouer m\u00eame sans collection de figurines ou d\u00e9cors avec la bo\u00eete de d\u00e9marrage Vault of the Nameless !  Vault of the Nameless est notre Dungeon Crawler pour joueur solo ! Le livre de r\u00e8gles de 132 pages contient tout ce qu\u2019il vous faut pour jouer rapidement. Notamment les r\u00e8gles de base, les r\u00e8gles avanc\u00e9es, les races jouables, les classes des personnages, et tout ce qui sera utile pour s\u2019adapter \u00e0 votre collection de figurines. Il contient \u00e9galement des sc\u00e9narios et des r\u00e9cits pour jouer en \u00e9tant immerg\u00e9 dans le monde de Morneterre.   Exploration infinie : Des centaines de combinaisons de donjons pour une rejouabilit\u00e9 sans fin.  Intelligence artificielle avanc\u00e9e : Des ennemis qui r\u00e9agissent intelligemment \u00e0 vos tactiques.  Tension \u00e0 chaque instant : Des jets de d\u00e8s qui rendent chaque d\u00e9cision cruciale.  Accessibilit\u00e9 totale : Facile \u00e0 prendre en main, mais avec une profondeur strat\u00e9gique qui s\u00e9duira les joueurs les plus aguerris.  Sc\u00e9narios et campagnes : Des sc\u00e9narios pr\u00e9d\u00e9finis pour jouer rapidement, et des sc\u00e9narios tr\u00e8s sp\u00e9cifiques pour vous confronter \u00e0 des biomes de donjons uniques.  Contenu adaptatif : un gros volume de contenu pour s\u2019adapter \u00e0 votre collection de figurines et de d\u00e9cors, pas besoin de nouveau mat\u00e9riel si vous ne le souhaitez pas.  Contient :   1 livre de r\u00e8gles de base de 132 pages de Vault of the Nameless  1 donjon modulable complet comprenant des murs, des portes, des alc\u00f4ves, des caisses de bois et des tonneaux  5 figurines en r\u00e9sine pour votre compagnie de h\u00e9ros dont un nain, un humain, un elfe, une humaine et un satyre  6 figurines en r\u00e9sine pour vos premiers opposants dont 4 gnolls et 2 familiers  1 d\u00e9 \u00e0 10 faces (couleur al\u00e9atoire)  1 d\u00e9 \u00e0 20 faces (couleur al\u00e9atoire)\" \/>\n<meta property=\"og:url\" content=\"https:\/\/obsidianchronicles.com\/?product=boite-de-demarrage-vault-of-the-nameless\" \/>\n<meta property=\"og:site_name\" content=\"Obsidian Chronicles\" \/>\n<meta property=\"article:modified_time\" content=\"2025-11-27T14:18:59+00:00\" \/>\n<meta property=\"og:image\" content=\"http:\/\/obsidianchronicles.com\/wp-content\/uploads\/2025\/11\/Boite-de-demarrage-vault-of-the-nameless-01-scaled.png\" \/>\n\t<meta property=\"og:image:width\" content=\"2560\" \/>\n\t<meta property=\"og:image:height\" content=\"2560\" \/>\n\t<meta property=\"og:image:type\" content=\"image\/png\" \/>\n<meta name=\"twitter:card\" content=\"summary_large_image\" \/>\n<meta name=\"twitter:label1\" content=\"Dur\u00e9e de lecture estim\u00e9e\" \/>\n\t<meta name=\"twitter:data1\" content=\"3 minutes\" \/>\n<script type=\"application\/ld+json\" class=\"yoast-schema-graph\">{\"@context\":\"https:\/\/schema.org\",\"@graph\":[{\"@type\":\"WebPage\",\"@id\":\"https:\/\/obsidianchronicles.com\/?product=boite-de-demarrage-vault-of-the-nameless\",\"url\":\"https:\/\/obsidianchronicles.com\/?product=boite-de-demarrage-vault-of-the-nameless\",\"name\":\"Bo\u00eete de d\u00e9marrage Vault of the Nameless - Obsidian Chronicles\",\"isPartOf\":{\"@id\":\"https:\/\/obsidianchronicles.com\/#website\"},\"primaryImageOfPage\":{\"@id\":\"https:\/\/obsidianchronicles.com\/?product=boite-de-demarrage-vault-of-the-nameless#primaryimage\"},\"image\":{\"@id\":\"https:\/\/obsidianchronicles.com\/?product=boite-de-demarrage-vault-of-the-nameless#primaryimage\"},\"thumbnailUrl\":\"https:\/\/obsidianchronicles.com\/wp-content\/uploads\/2025\/11\/Boite-de-demarrage-vault-of-the-nameless-01-scaled.png\",\"datePublished\":\"2025-11-12T10:27:42+00:00\",\"dateModified\":\"2025-11-27T14:18:59+00:00\",\"breadcrumb\":{\"@id\":\"https:\/\/obsidianchronicles.com\/?product=boite-de-demarrage-vault-of-the-nameless#breadcrumb\"},\"inLanguage\":\"fr-FR\",\"potentialAction\":[{\"@type\":\"ReadAction\",\"target\":[\"https:\/\/obsidianchronicles.com\/?product=boite-de-demarrage-vault-of-the-nameless\"]}]},{\"@type\":\"ImageObject\",\"inLanguage\":\"fr-FR\",\"@id\":\"https:\/\/obsidianchronicles.com\/?product=boite-de-demarrage-vault-of-the-nameless#primaryimage\",\"url\":\"https:\/\/obsidianchronicles.com\/wp-content\/uploads\/2025\/11\/Boite-de-demarrage-vault-of-the-nameless-01-scaled.png\",\"contentUrl\":\"https:\/\/obsidianchronicles.com\/wp-content\/uploads\/2025\/11\/Boite-de-demarrage-vault-of-the-nameless-01-scaled.png\",\"width\":2560,\"height\":2560},{\"@type\":\"BreadcrumbList\",\"@id\":\"https:\/\/obsidianchronicles.com\/?product=boite-de-demarrage-vault-of-the-nameless#breadcrumb\",\"itemListElement\":[{\"@type\":\"ListItem\",\"position\":1,\"name\":\"Accueil\",\"item\":\"https:\/\/obsidianchronicles.com\/\"},{\"@type\":\"ListItem\",\"position\":2,\"name\":\"Shop\",\"item\":\"https:\/\/obsidianchronicles.com\/?page_id=252\"},{\"@type\":\"ListItem\",\"position\":3,\"name\":\"Bo\u00eete de d\u00e9marrage Vault of the Nameless\"}]},{\"@type\":\"WebSite\",\"@id\":\"https:\/\/obsidianchronicles.com\/#website\",\"url\":\"https:\/\/obsidianchronicles.com\/\",\"name\":\"Obsidian Chronicles\",\"description\":\"\",\"publisher\":{\"@id\":\"https:\/\/obsidianchronicles.com\/#organization\"},\"potentialAction\":[{\"@type\":\"SearchAction\",\"target\":{\"@type\":\"EntryPoint\",\"urlTemplate\":\"https:\/\/obsidianchronicles.com\/?s={search_term_string}\"},\"query-input\":{\"@type\":\"PropertyValueSpecification\",\"valueRequired\":true,\"valueName\":\"search_term_string\"}}],\"inLanguage\":\"fr-FR\"},{\"@type\":\"Organization\",\"@id\":\"https:\/\/obsidianchronicles.com\/#organization\",\"name\":\"Obsidian Chronicles\",\"url\":\"https:\/\/obsidianchronicles.com\/\",\"logo\":{\"@type\":\"ImageObject\",\"inLanguage\":\"fr-FR\",\"@id\":\"https:\/\/obsidianchronicles.com\/#\/schema\/logo\/image\/\",\"url\":\"https:\/\/obsidianchronicles.com\/wp-content\/uploads\/2025\/02\/300-dpi-png.png\",\"contentUrl\":\"https:\/\/obsidianchronicles.com\/wp-content\/uploads\/2025\/02\/300-dpi-png.png\",\"width\":2500,\"height\":2500,\"caption\":\"Obsidian Chronicles\"},\"image\":{\"@id\":\"https:\/\/obsidianchronicles.com\/#\/schema\/logo\/image\/\"}}]}<\/script>\n<!-- \/ Yoast SEO plugin. -->","yoast_head_json":{"title":"Bo\u00eete de d\u00e9marrage Vault of the Nameless - Obsidian Chronicles","robots":{"index":"index","follow":"follow","max-snippet":"max-snippet:-1","max-image-preview":"max-image-preview:large","max-video-preview":"max-video-preview:-1"},"canonical":"https:\/\/obsidianchronicles.com\/?product=boite-de-demarrage-vault-of-the-nameless","og_locale":"fr_FR","og_type":"article","og_title":"Bo\u00eete de d\u00e9marrage Vault of the Nameless - Obsidian Chronicles","og_description":"Commencez \u00e0 jouer m\u00eame sans collection de figurines ou d\u00e9cors avec la bo\u00eete de d\u00e9marrage Vault of the Nameless !  Vault of the Nameless est notre Dungeon Crawler pour joueur solo ! Le livre de r\u00e8gles de 132 pages contient tout ce qu\u2019il vous faut pour jouer rapidement. Notamment les r\u00e8gles de base, les r\u00e8gles avanc\u00e9es, les races jouables, les classes des personnages, et tout ce qui sera utile pour s\u2019adapter \u00e0 votre collection de figurines. Il contient \u00e9galement des sc\u00e9narios et des r\u00e9cits pour jouer en \u00e9tant immerg\u00e9 dans le monde de Morneterre.   Exploration infinie : Des centaines de combinaisons de donjons pour une rejouabilit\u00e9 sans fin.  Intelligence artificielle avanc\u00e9e : Des ennemis qui r\u00e9agissent intelligemment \u00e0 vos tactiques.  Tension \u00e0 chaque instant : Des jets de d\u00e8s qui rendent chaque d\u00e9cision cruciale.  Accessibilit\u00e9 totale : Facile \u00e0 prendre en main, mais avec une profondeur strat\u00e9gique qui s\u00e9duira les joueurs les plus aguerris.  Sc\u00e9narios et campagnes : Des sc\u00e9narios pr\u00e9d\u00e9finis pour jouer rapidement, et des sc\u00e9narios tr\u00e8s sp\u00e9cifiques pour vous confronter \u00e0 des biomes de donjons uniques.  Contenu adaptatif : un gros volume de contenu pour s\u2019adapter \u00e0 votre collection de figurines et de d\u00e9cors, pas besoin de nouveau mat\u00e9riel si vous ne le souhaitez pas.  Contient :   1 livre de r\u00e8gles de base de 132 pages de Vault of the Nameless  1 donjon modulable complet comprenant des murs, des portes, des alc\u00f4ves, des caisses de bois et des tonneaux  5 figurines en r\u00e9sine pour votre compagnie de h\u00e9ros dont un nain, un humain, un elfe, une humaine et un satyre  6 figurines en r\u00e9sine pour vos premiers opposants dont 4 gnolls et 2 familiers  1 d\u00e9 \u00e0 10 faces (couleur al\u00e9atoire)  1 d\u00e9 \u00e0 20 faces (couleur al\u00e9atoire)","og_url":"https:\/\/obsidianchronicles.com\/?product=boite-de-demarrage-vault-of-the-nameless","og_site_name":"Obsidian Chronicles","article_modified_time":"2025-11-27T14:18:59+00:00","og_image":[{"width":2560,"height":2560,"url":"http:\/\/obsidianchronicles.com\/wp-content\/uploads\/2025\/11\/Boite-de-demarrage-vault-of-the-nameless-01-scaled.png","type":"image\/png"}],"twitter_card":"summary_large_image","twitter_misc":{"Dur\u00e9e de lecture estim\u00e9e":"3 minutes"},"schema":{"@context":"https:\/\/schema.org","@graph":[{"@type":"WebPage","@id":"https:\/\/obsidianchronicles.com\/?product=boite-de-demarrage-vault-of-the-nameless","url":"https:\/\/obsidianchronicles.com\/?product=boite-de-demarrage-vault-of-the-nameless","name":"Bo\u00eete de d\u00e9marrage Vault of the Nameless - Obsidian Chronicles","isPartOf":{"@id":"https:\/\/obsidianchronicles.com\/#website"},"primaryImageOfPage":{"@id":"https:\/\/obsidianchronicles.com\/?product=boite-de-demarrage-vault-of-the-nameless#primaryimage"},"image":{"@id":"https:\/\/obsidianchronicles.com\/?product=boite-de-demarrage-vault-of-the-nameless#primaryimage"},"thumbnailUrl":"https:\/\/obsidianchronicles.com\/wp-content\/uploads\/2025\/11\/Boite-de-demarrage-vault-of-the-nameless-01-scaled.png","datePublished":"2025-11-12T10:27:42+00:00","dateModified":"2025-11-27T14:18:59+00:00","breadcrumb":{"@id":"https:\/\/obsidianchronicles.com\/?product=boite-de-demarrage-vault-of-the-nameless#breadcrumb"},"inLanguage":"fr-FR","potentialAction":[{"@type":"ReadAction","target":["https:\/\/obsidianchronicles.com\/?product=boite-de-demarrage-vault-of-the-nameless"]}]},{"@type":"ImageObject","inLanguage":"fr-FR","@id":"https:\/\/obsidianchronicles.com\/?product=boite-de-demarrage-vault-of-the-nameless#primaryimage","url":"https:\/\/obsidianchronicles.com\/wp-content\/uploads\/2025\/11\/Boite-de-demarrage-vault-of-the-nameless-01-scaled.png","contentUrl":"https:\/\/obsidianchronicles.com\/wp-content\/uploads\/2025\/11\/Boite-de-demarrage-vault-of-the-nameless-01-scaled.png","width":2560,"height":2560},{"@type":"BreadcrumbList","@id":"https:\/\/obsidianchronicles.com\/?product=boite-de-demarrage-vault-of-the-nameless#breadcrumb","itemListElement":[{"@type":"ListItem","position":1,"name":"Accueil","item":"https:\/\/obsidianchronicles.com\/"},{"@type":"ListItem","position":2,"name":"Shop","item":"https:\/\/obsidianchronicles.com\/?page_id=252"},{"@type":"ListItem","position":3,"name":"Bo\u00eete de d\u00e9marrage Vault of the Nameless"}]},{"@type":"WebSite","@id":"https:\/\/obsidianchronicles.com\/#website","url":"https:\/\/obsidianchronicles.com\/","name":"Obsidian Chronicles","description":"","publisher":{"@id":"https:\/\/obsidianchronicles.com\/#organization"},"potentialAction":[{"@type":"SearchAction","target":{"@type":"EntryPoint","urlTemplate":"https:\/\/obsidianchronicles.com\/?s={search_term_string}"},"query-input":{"@type":"PropertyValueSpecification","valueRequired":true,"valueName":"search_term_string"}}],"inLanguage":"fr-FR"},{"@type":"Organization","@id":"https:\/\/obsidianchronicles.com\/#organization","name":"Obsidian Chronicles","url":"https:\/\/obsidianchronicles.com\/","logo":{"@type":"ImageObject","inLanguage":"fr-FR","@id":"https:\/\/obsidianchronicles.com\/#\/schema\/logo\/image\/","url":"https:\/\/obsidianchronicles.com\/wp-content\/uploads\/2025\/02\/300-dpi-png.png","contentUrl":"https:\/\/obsidianchronicles.com\/wp-content\/uploads\/2025\/02\/300-dpi-png.png","width":2500,"height":2500,"caption":"Obsidian Chronicles"},"image":{"@id":"https:\/\/obsidianchronicles.com\/#\/schema\/logo\/image\/"}}]}},"jetpack_sharing_enabled":true,"_links":{"self":[{"href":"https:\/\/obsidianchronicles.com\/index.php?rest_route=\/wp\/v2\/product\/963","targetHints":{"allow":["GET"]}}],"collection":[{"href":"https:\/\/obsidianchronicles.com\/index.php?rest_route=\/wp\/v2\/product"}],"about":[{"href":"https:\/\/obsidianchronicles.com\/index.php?rest_route=\/wp\/v2\/types\/product"}],"replies":[{"embeddable":true,"href":"https:\/\/obsidianchronicles.com\/index.php?rest_route=%2Fwp%2Fv2%2Fcomments&post=963"}],"wp:featuredmedia":[{"embeddable":true,"href":"https:\/\/obsidianchronicles.com\/index.php?rest_route=\/wp\/v2\/media\/978"}],"wp:attachment":[{"href":"https:\/\/obsidianchronicles.com\/index.php?rest_route=%2Fwp%2Fv2%2Fmedia&parent=963"}],"wp:term":[{"taxonomy":"product_brand","embeddable":true,"href":"https:\/\/obsidianchronicles.com\/index.php?rest_route=%2Fwp%2Fv2%2Fproduct_brand&post=963"},{"taxonomy":"product_cat","embeddable":true,"href":"https:\/\/obsidianchronicles.com\/index.php?rest_route=%2Fwp%2Fv2%2Fproduct_cat&post=963"},{"taxonomy":"product_tag","embeddable":true,"href":"https:\/\/obsidianchronicles.com\/index.php?rest_route=%2Fwp%2Fv2%2Fproduct_tag&post=963"}],"curies":[{"name":"wp","href":"https:\/\/api.w.org\/{rel}","templated":true}]}}