{"id":997,"date":"2025-11-28T11:38:25","date_gmt":"2025-11-28T10:38:25","guid":{"rendered":"https:\/\/obsidianchronicles.com\/?post_type=product&#038;p=997"},"modified":"2025-12-14T13:07:11","modified_gmt":"2025-12-14T12:07:11","slug":"tapis-de-jeu-quadrille","status":"publish","type":"product","link":"https:\/\/obsidianchronicles.com\/?product=tapis-de-jeu-quadrille","title":{"rendered":"Tapis de jeu quadrill\u00e9"},"content":{"rendered":"<p data-start=\"105\" data-end=\"169\"><strong data-start=\"105\" data-end=\"169\">Donnez vie \u00e0 vos aventures avec notre tapis de jeu premium !<\/strong><\/p>\n<p data-start=\"171\" data-end=\"517\">Con\u00e7u pour accompagner parfaitement le donjon modulable de la bo\u00eete de base <strong data-start=\"247\" data-end=\"272\">Vault of the Nameless <\/strong>(ou tout autre donjon en votre possession), ce tapis de jeu de <strong data-start=\"293\" data-end=\"307\">60 \u00d7 60 cm<\/strong> offre une surface de qualit\u00e9 professionnelle pour mettre en sc\u00e8ne vos sessions de jeu. Fabriqu\u00e9 dans une <strong data-start=\"413\" data-end=\"449\">mati\u00e8re \u00e9paisse et antid\u00e9rapante<\/strong>, il reste bien en place, m\u00eame lors des parties les plus dynamiques.<\/p>\n<p data-start=\"519\" data-end=\"760\">Son <strong data-start=\"523\" data-end=\"552\">syst\u00e8me de grille int\u00e9gr\u00e9 <\/strong>vous permet de visualiser pr\u00e9cis\u00e9ment vos d\u00e9placements et de construire facilement tous les donjons que vous explorerez \u00e0 travers les terres myst\u00e9rieuses de <strong data-start=\"745\" data-end=\"759\">Morneterre<\/strong>.<\/p>\n<p data-start=\"762\" data-end=\"1023\"><strong data-start=\"762\" data-end=\"781\">Le petit plus :<\/strong> son quadrillage respecte les standards du jeu de r\u00f4le sur table, ce qui le rend compatible avec la majorit\u00e9 de vos autres jeux \u00e0 \u00e9chelle \u00e9quivalente. Un accessoire polyvalent, immersif et indispensable pour tout ma\u00eetre du jeu ou aventurier !<\/p>\n","protected":false},"excerpt":{"rendered":"<p data-start=\"105\" data-end=\"169\"><strong data-start=\"105\" data-end=\"169\">Donnez vie \u00e0 vos aventures avec notre tapis de jeu premium !<\/strong><\/p>\n<p data-start=\"171\" data-end=\"517\">Con\u00e7u pour accompagner parfaitement le donjon modulable de la bo\u00eete de base <strong data-start=\"247\" data-end=\"272\">Vault of the Nameless <\/strong>(ou tout autre donjon en votre possession), ce tapis de jeu de <strong data-start=\"293\" data-end=\"307\">60 \u00d7 60 cm<\/strong> offre une surface de qualit\u00e9 professionnelle pour mettre en sc\u00e8ne vos sessions de jeu. Fabriqu\u00e9 dans une <strong data-start=\"413\" data-end=\"449\">mati\u00e8re \u00e9paisse et antid\u00e9rapante<\/strong>, il reste bien en place, m\u00eame lors des parties les plus dynamiques.<\/p>\n<p data-start=\"519\" data-end=\"760\">Son <strong data-start=\"523\" data-end=\"552\">syst\u00e8me de grille int\u00e9gr\u00e9 <\/strong>vous permet de visualiser pr\u00e9cis\u00e9ment vos d\u00e9placements et de construire facilement tous les donjons que vous explorerez \u00e0 travers les terres myst\u00e9rieuses de <strong data-start=\"745\" data-end=\"759\">Morneterre<\/strong>.<\/p>\n<p data-start=\"762\" data-end=\"1023\"><strong data-start=\"762\" data-end=\"781\">Le petit plus :<\/strong> son quadrillage respecte les standards du jeu de r\u00f4le sur table, ce qui le rend compatible avec la majorit\u00e9 de vos autres jeux \u00e0 \u00e9chelle \u00e9quivalente. Un accessoire polyvalent, immersif et indispensable pour tout ma\u00eetre du jeu ou aventurier !<\/p>\n","protected":false},"featured_media":993,"comment_status":"closed","ping_status":"closed","template":"","meta":{"site-sidebar-layout":"default","site-content-layout":"","ast-site-content-layout":"default","site-content-style":"default","site-sidebar-style":"default","ast-global-header-display":"","ast-banner-title-visibility":"","ast-main-header-display":"","ast-hfb-above-header-display":"","ast-hfb-below-header-display":"","ast-hfb-mobile-header-display":"","site-post-title":"","ast-breadcrumbs-content":"","ast-featured-img":"","footer-sml-layout":"","theme-transparent-header-meta":"default","adv-header-id-meta":"","stick-header-meta":"","header-above-stick-meta":"","header-main-stick-meta":"","header-below-stick-meta":"","astra-migrate-meta-layouts":"set","ast-page-background-enabled":"default","ast-page-background-meta":{"desktop":{"background-color":"var(--ast-global-color-5)","background-image":"","background-repeat":"repeat","background-position":"center center","background-size":"auto","background-attachment":"scroll","background-type":"","background-media":"","overlay-type":"","overlay-color":"","overlay-opacity":"","overlay-gradient":""},"tablet":{"background-color":"","background-image":"","background-repeat":"repeat","background-position":"center center","background-size":"auto","background-attachment":"scroll","background-type":"","background-media":"","overlay-type":"","overlay-color":"","overlay-opacity":"","overlay-gradient":""},"mobile":{"background-color":"","background-image":"","background-repeat":"repeat","background-position":"center center","background-size":"auto","background-attachment":"scroll","background-type":"","background-media":"","overlay-type":"","overlay-color":"","overlay-opacity":"","overlay-gradient":""}},"ast-content-background-meta":{"desktop":{"background-color":"var(--ast-global-color-4)","background-image":"","background-repeat":"repeat","background-position":"center center","background-size":"auto","background-attachment":"scroll","background-type":"","background-media":"","overlay-type":"","overlay-color":"","overlay-opacity":"","overlay-gradient":""},"tablet":{"background-color":"var(--ast-global-color-4)","background-image":"","background-repeat":"repeat","background-position":"center center","background-size":"auto","background-attachment":"scroll","background-type":"","background-media":"","overlay-type":"","overlay-color":"","overlay-opacity":"","overlay-gradient":""},"mobile":{"background-color":"var(--ast-global-color-4)","background-image":"","background-repeat":"repeat","background-position":"center center","background-size":"auto","background-attachment":"scroll","background-type":"","background-media":"","overlay-type":"","overlay-color":"","overlay-opacity":"","overlay-gradient":""}},"_themeisle_gutenberg_block_has_review":false},"product_brand":[],"product_cat":[41],"product_tag":[],"class_list":{"0":"post-997","1":"product","2":"type-product","3":"status-publish","4":"has-post-thumbnail","6":"product_cat-accessoires-aides-de-jeu","7":"desktop-align-left","8":"tablet-align-left","9":"mobile-align-left","11":"first","12":"instock","13":"shipping-taxable","14":"purchasable","15":"product-type-simple"},"yoast_head":"<!-- This site is optimized with the Yoast SEO plugin v24.3 - https:\/\/yoast.com\/wordpress\/plugins\/seo\/ -->\n<title>Tapis de jeu quadrill\u00e9 - Obsidian Chronicles<\/title>\n<meta name=\"robots\" content=\"index, follow, max-snippet:-1, max-image-preview:large, max-video-preview:-1\" \/>\n<link rel=\"canonical\" href=\"https:\/\/obsidianchronicles.com\/?product=tapis-de-jeu-quadrille\" \/>\n<meta property=\"og:locale\" content=\"fr_FR\" \/>\n<meta property=\"og:type\" content=\"article\" \/>\n<meta property=\"og:title\" content=\"Tapis de jeu quadrill\u00e9 - Obsidian Chronicles\" \/>\n<meta property=\"og:description\" content=\"Donnez vie \u00e0 vos aventures avec notre tapis de jeu premium ! Con\u00e7u pour accompagner parfaitement le donjon modulable de la bo\u00eete de base Vault of the Nameless (ou tout autre donjon en votre possession), ce tapis de jeu de 60 \u00d7 60 cm offre une surface de qualit\u00e9 professionnelle pour mettre en sc\u00e8ne vos sessions de jeu. Fabriqu\u00e9 dans une mati\u00e8re \u00e9paisse et antid\u00e9rapante, il reste bien en place, m\u00eame lors des parties les plus dynamiques. Son syst\u00e8me de grille int\u00e9gr\u00e9 vous permet de visualiser pr\u00e9cis\u00e9ment vos d\u00e9placements et de construire facilement tous les donjons que vous explorerez \u00e0 travers les terres myst\u00e9rieuses de Morneterre. Le petit plus : son quadrillage respecte les standards du jeu de r\u00f4le sur table, ce qui le rend compatible avec la majorit\u00e9 de vos autres jeux \u00e0 \u00e9chelle \u00e9quivalente. Un accessoire polyvalent, immersif et indispensable pour tout ma\u00eetre du jeu ou aventurier !\" \/>\n<meta property=\"og:url\" content=\"https:\/\/obsidianchronicles.com\/?product=tapis-de-jeu-quadrille\" \/>\n<meta property=\"og:site_name\" content=\"Obsidian Chronicles\" \/>\n<meta property=\"article:modified_time\" content=\"2025-12-14T12:07:11+00:00\" \/>\n<meta property=\"og:image\" content=\"http:\/\/obsidianchronicles.com\/wp-content\/uploads\/2025\/11\/Images-produits-scaled.png\" \/>\n\t<meta property=\"og:image:width\" content=\"2560\" \/>\n\t<meta property=\"og:image:height\" content=\"2560\" \/>\n\t<meta property=\"og:image:type\" content=\"image\/png\" \/>\n<meta name=\"twitter:card\" content=\"summary_large_image\" \/>\n<meta name=\"twitter:label1\" content=\"Dur\u00e9e de lecture estim\u00e9e\" \/>\n\t<meta name=\"twitter:data1\" content=\"1 minute\" \/>\n<script type=\"application\/ld+json\" class=\"yoast-schema-graph\">{\"@context\":\"https:\/\/schema.org\",\"@graph\":[{\"@type\":\"WebPage\",\"@id\":\"https:\/\/obsidianchronicles.com\/?product=tapis-de-jeu-quadrille\",\"url\":\"https:\/\/obsidianchronicles.com\/?product=tapis-de-jeu-quadrille\",\"name\":\"Tapis de jeu quadrill\u00e9 - Obsidian Chronicles\",\"isPartOf\":{\"@id\":\"https:\/\/obsidianchronicles.com\/#website\"},\"primaryImageOfPage\":{\"@id\":\"https:\/\/obsidianchronicles.com\/?product=tapis-de-jeu-quadrille#primaryimage\"},\"image\":{\"@id\":\"https:\/\/obsidianchronicles.com\/?product=tapis-de-jeu-quadrille#primaryimage\"},\"thumbnailUrl\":\"https:\/\/obsidianchronicles.com\/wp-content\/uploads\/2025\/11\/Images-produits-scaled.png\",\"datePublished\":\"2025-11-28T10:38:25+00:00\",\"dateModified\":\"2025-12-14T12:07:11+00:00\",\"breadcrumb\":{\"@id\":\"https:\/\/obsidianchronicles.com\/?product=tapis-de-jeu-quadrille#breadcrumb\"},\"inLanguage\":\"fr-FR\",\"potentialAction\":[{\"@type\":\"ReadAction\",\"target\":[\"https:\/\/obsidianchronicles.com\/?product=tapis-de-jeu-quadrille\"]}]},{\"@type\":\"ImageObject\",\"inLanguage\":\"fr-FR\",\"@id\":\"https:\/\/obsidianchronicles.com\/?product=tapis-de-jeu-quadrille#primaryimage\",\"url\":\"https:\/\/obsidianchronicles.com\/wp-content\/uploads\/2025\/11\/Images-produits-scaled.png\",\"contentUrl\":\"https:\/\/obsidianchronicles.com\/wp-content\/uploads\/2025\/11\/Images-produits-scaled.png\",\"width\":2560,\"height\":2560},{\"@type\":\"BreadcrumbList\",\"@id\":\"https:\/\/obsidianchronicles.com\/?product=tapis-de-jeu-quadrille#breadcrumb\",\"itemListElement\":[{\"@type\":\"ListItem\",\"position\":1,\"name\":\"Accueil\",\"item\":\"https:\/\/obsidianchronicles.com\/\"},{\"@type\":\"ListItem\",\"position\":2,\"name\":\"Shop\",\"item\":\"https:\/\/obsidianchronicles.com\/?page_id=252\"},{\"@type\":\"ListItem\",\"position\":3,\"name\":\"Tapis de jeu quadrill\u00e9\"}]},{\"@type\":\"WebSite\",\"@id\":\"https:\/\/obsidianchronicles.com\/#website\",\"url\":\"https:\/\/obsidianchronicles.com\/\",\"name\":\"Obsidian Chronicles\",\"description\":\"\",\"publisher\":{\"@id\":\"https:\/\/obsidianchronicles.com\/#organization\"},\"potentialAction\":[{\"@type\":\"SearchAction\",\"target\":{\"@type\":\"EntryPoint\",\"urlTemplate\":\"https:\/\/obsidianchronicles.com\/?s={search_term_string}\"},\"query-input\":{\"@type\":\"PropertyValueSpecification\",\"valueRequired\":true,\"valueName\":\"search_term_string\"}}],\"inLanguage\":\"fr-FR\"},{\"@type\":\"Organization\",\"@id\":\"https:\/\/obsidianchronicles.com\/#organization\",\"name\":\"Obsidian Chronicles\",\"url\":\"https:\/\/obsidianchronicles.com\/\",\"logo\":{\"@type\":\"ImageObject\",\"inLanguage\":\"fr-FR\",\"@id\":\"https:\/\/obsidianchronicles.com\/#\/schema\/logo\/image\/\",\"url\":\"https:\/\/obsidianchronicles.com\/wp-content\/uploads\/2025\/02\/300-dpi-png.png\",\"contentUrl\":\"https:\/\/obsidianchronicles.com\/wp-content\/uploads\/2025\/02\/300-dpi-png.png\",\"width\":2500,\"height\":2500,\"caption\":\"Obsidian Chronicles\"},\"image\":{\"@id\":\"https:\/\/obsidianchronicles.com\/#\/schema\/logo\/image\/\"}}]}<\/script>\n<!-- \/ Yoast SEO plugin. -->","yoast_head_json":{"title":"Tapis de jeu quadrill\u00e9 - Obsidian Chronicles","robots":{"index":"index","follow":"follow","max-snippet":"max-snippet:-1","max-image-preview":"max-image-preview:large","max-video-preview":"max-video-preview:-1"},"canonical":"https:\/\/obsidianchronicles.com\/?product=tapis-de-jeu-quadrille","og_locale":"fr_FR","og_type":"article","og_title":"Tapis de jeu quadrill\u00e9 - Obsidian Chronicles","og_description":"Donnez vie \u00e0 vos aventures avec notre tapis de jeu premium ! Con\u00e7u pour accompagner parfaitement le donjon modulable de la bo\u00eete de base Vault of the Nameless (ou tout autre donjon en votre possession), ce tapis de jeu de 60 \u00d7 60 cm offre une surface de qualit\u00e9 professionnelle pour mettre en sc\u00e8ne vos sessions de jeu. Fabriqu\u00e9 dans une mati\u00e8re \u00e9paisse et antid\u00e9rapante, il reste bien en place, m\u00eame lors des parties les plus dynamiques. Son syst\u00e8me de grille int\u00e9gr\u00e9 vous permet de visualiser pr\u00e9cis\u00e9ment vos d\u00e9placements et de construire facilement tous les donjons que vous explorerez \u00e0 travers les terres myst\u00e9rieuses de Morneterre. Le petit plus : son quadrillage respecte les standards du jeu de r\u00f4le sur table, ce qui le rend compatible avec la majorit\u00e9 de vos autres jeux \u00e0 \u00e9chelle \u00e9quivalente. Un accessoire polyvalent, immersif et indispensable pour tout ma\u00eetre du jeu ou aventurier !","og_url":"https:\/\/obsidianchronicles.com\/?product=tapis-de-jeu-quadrille","og_site_name":"Obsidian Chronicles","article_modified_time":"2025-12-14T12:07:11+00:00","og_image":[{"width":2560,"height":2560,"url":"http:\/\/obsidianchronicles.com\/wp-content\/uploads\/2025\/11\/Images-produits-scaled.png","type":"image\/png"}],"twitter_card":"summary_large_image","twitter_misc":{"Dur\u00e9e de lecture estim\u00e9e":"1 minute"},"schema":{"@context":"https:\/\/schema.org","@graph":[{"@type":"WebPage","@id":"https:\/\/obsidianchronicles.com\/?product=tapis-de-jeu-quadrille","url":"https:\/\/obsidianchronicles.com\/?product=tapis-de-jeu-quadrille","name":"Tapis de jeu quadrill\u00e9 - Obsidian Chronicles","isPartOf":{"@id":"https:\/\/obsidianchronicles.com\/#website"},"primaryImageOfPage":{"@id":"https:\/\/obsidianchronicles.com\/?product=tapis-de-jeu-quadrille#primaryimage"},"image":{"@id":"https:\/\/obsidianchronicles.com\/?product=tapis-de-jeu-quadrille#primaryimage"},"thumbnailUrl":"https:\/\/obsidianchronicles.com\/wp-content\/uploads\/2025\/11\/Images-produits-scaled.png","datePublished":"2025-11-28T10:38:25+00:00","dateModified":"2025-12-14T12:07:11+00:00","breadcrumb":{"@id":"https:\/\/obsidianchronicles.com\/?product=tapis-de-jeu-quadrille#breadcrumb"},"inLanguage":"fr-FR","potentialAction":[{"@type":"ReadAction","target":["https:\/\/obsidianchronicles.com\/?product=tapis-de-jeu-quadrille"]}]},{"@type":"ImageObject","inLanguage":"fr-FR","@id":"https:\/\/obsidianchronicles.com\/?product=tapis-de-jeu-quadrille#primaryimage","url":"https:\/\/obsidianchronicles.com\/wp-content\/uploads\/2025\/11\/Images-produits-scaled.png","contentUrl":"https:\/\/obsidianchronicles.com\/wp-content\/uploads\/2025\/11\/Images-produits-scaled.png","width":2560,"height":2560},{"@type":"BreadcrumbList","@id":"https:\/\/obsidianchronicles.com\/?product=tapis-de-jeu-quadrille#breadcrumb","itemListElement":[{"@type":"ListItem","position":1,"name":"Accueil","item":"https:\/\/obsidianchronicles.com\/"},{"@type":"ListItem","position":2,"name":"Shop","item":"https:\/\/obsidianchronicles.com\/?page_id=252"},{"@type":"ListItem","position":3,"name":"Tapis de jeu quadrill\u00e9"}]},{"@type":"WebSite","@id":"https:\/\/obsidianchronicles.com\/#website","url":"https:\/\/obsidianchronicles.com\/","name":"Obsidian Chronicles","description":"","publisher":{"@id":"https:\/\/obsidianchronicles.com\/#organization"},"potentialAction":[{"@type":"SearchAction","target":{"@type":"EntryPoint","urlTemplate":"https:\/\/obsidianchronicles.com\/?s={search_term_string}"},"query-input":{"@type":"PropertyValueSpecification","valueRequired":true,"valueName":"search_term_string"}}],"inLanguage":"fr-FR"},{"@type":"Organization","@id":"https:\/\/obsidianchronicles.com\/#organization","name":"Obsidian Chronicles","url":"https:\/\/obsidianchronicles.com\/","logo":{"@type":"ImageObject","inLanguage":"fr-FR","@id":"https:\/\/obsidianchronicles.com\/#\/schema\/logo\/image\/","url":"https:\/\/obsidianchronicles.com\/wp-content\/uploads\/2025\/02\/300-dpi-png.png","contentUrl":"https:\/\/obsidianchronicles.com\/wp-content\/uploads\/2025\/02\/300-dpi-png.png","width":2500,"height":2500,"caption":"Obsidian Chronicles"},"image":{"@id":"https:\/\/obsidianchronicles.com\/#\/schema\/logo\/image\/"}}]}},"jetpack_sharing_enabled":true,"_links":{"self":[{"href":"https:\/\/obsidianchronicles.com\/index.php?rest_route=\/wp\/v2\/product\/997","targetHints":{"allow":["GET"]}}],"collection":[{"href":"https:\/\/obsidianchronicles.com\/index.php?rest_route=\/wp\/v2\/product"}],"about":[{"href":"https:\/\/obsidianchronicles.com\/index.php?rest_route=\/wp\/v2\/types\/product"}],"replies":[{"embeddable":true,"href":"https:\/\/obsidianchronicles.com\/index.php?rest_route=%2Fwp%2Fv2%2Fcomments&post=997"}],"wp:featuredmedia":[{"embeddable":true,"href":"https:\/\/obsidianchronicles.com\/index.php?rest_route=\/wp\/v2\/media\/993"}],"wp:attachment":[{"href":"https:\/\/obsidianchronicles.com\/index.php?rest_route=%2Fwp%2Fv2%2Fmedia&parent=997"}],"wp:term":[{"taxonomy":"product_brand","embeddable":true,"href":"https:\/\/obsidianchronicles.com\/index.php?rest_route=%2Fwp%2Fv2%2Fproduct_brand&post=997"},{"taxonomy":"product_cat","embeddable":true,"href":"https:\/\/obsidianchronicles.com\/index.php?rest_route=%2Fwp%2Fv2%2Fproduct_cat&post=997"},{"taxonomy":"product_tag","embeddable":true,"href":"https:\/\/obsidianchronicles.com\/index.php?rest_route=%2Fwp%2Fv2%2Fproduct_tag&post=997"}],"curies":[{"name":"wp","href":"https:\/\/api.w.org\/{rel}","templated":true}]}}